{"id":2307,"date":"2025-08-19T10:19:36","date_gmt":"2025-08-19T08:19:36","guid":{"rendered":"http:\/\/www.bloguecornella.es\/wordpress\/?page_id=2307"},"modified":"2026-02-16T16:56:06","modified_gmt":"2026-02-16T15:56:06","slug":"clasificacion-cd-fontsanta-fatjo-25-26","status":"publish","type":"page","link":"http:\/\/www.bloguecornella.es\/wordpress\/clasificacion-cd-fontsanta-fatjo-25-26\/","title":{"rendered":"Clasificaci\u00f3n CD Fontsanta-Fatjo 25\/26"},"content":{"rendered":"\n<p>3\u00aa Catalana &#8211; Grupo 11 &#8211; 2025\/26<\/p>\n\n\n\n<figure class=\"wp-block-table alignwide is-style-stripes\"><table class=\"has-background has-border-color has-contrast-border-color\" style=\"background:linear-gradient(139deg,rgb(255,217,0) 0%,rgb(167,168,241) 97%);border-width:1px\"><thead><tr><th class=\"has-text-align-center\" data-align=\"center\">Posici\u00f3n<\/th><th class=\"has-text-align-center\" data-align=\"center\">Equipo<\/th><th class=\"has-text-align-center\" data-align=\"center\">P<\/th><th class=\"has-text-align-center\" data-align=\"center\">G<\/th><th class=\"has-text-align-center\" data-align=\"center\">E<\/th><th class=\"has-text-align-center\" data-align=\"center\">P<\/th><th class=\"has-text-align-center\" data-align=\"center\">GF<\/th><th class=\"has-text-align-center\" data-align=\"center\">GC<\/th><th class=\"has-text-align-center\" data-align=\"center\">Dif.<\/th><th class=\"has-text-align-center\" data-align=\"center\">Ptos<\/th><\/tr><\/thead><tbody><tr><td class=\"has-text-align-center\" data-align=\"center\">1\u00ba<\/td><td class=\"has-text-align-center\" data-align=\"center\">CF Terlenka Barcelonista \u00abB\u00bb<\/td><td class=\"has-text-align-center\" data-align=\"center\">18<\/td><td class=\"has-text-align-center\" data-align=\"center\">11<\/td><td class=\"has-text-align-center\" data-align=\"center\">6<\/td><td class=\"has-text-align-center\" data-align=\"center\">1<\/td><td class=\"has-text-align-center\" data-align=\"center\">28<\/td><td class=\"has-text-align-center\" data-align=\"center\">14<\/td><td class=\"has-text-align-center\" data-align=\"center\">14<\/td><td class=\"has-text-align-center\" data-align=\"center\">39<\/td><\/tr><tr><td class=\"has-text-align-center\" data-align=\"center\">2\u00ba<\/td><td class=\"has-text-align-center\" data-align=\"center\">Fundaci\u00f3 Atl\u00e8tic Sant Just<\/td><td class=\"has-text-align-center\" data-align=\"center\">18<\/td><td class=\"has-text-align-center\" data-align=\"center\">12<\/td><td class=\"has-text-align-center\" data-align=\"center\">2<\/td><td class=\"has-text-align-center\" data-align=\"center\">4<\/td><td class=\"has-text-align-center\" data-align=\"center\">42<\/td><td class=\"has-text-align-center\" data-align=\"center\">19<\/td><td class=\"has-text-align-center\" data-align=\"center\">23<\/td><td class=\"has-text-align-center\" data-align=\"center\">38<\/td><\/tr><tr><td class=\"has-text-align-center\" data-align=\"center\"><strong>3\u00ba<\/strong><\/td><td class=\"has-text-align-center\" data-align=\"center\"><strong>CD Fontsanta-Fatjo<\/strong><\/td><td class=\"has-text-align-center\" data-align=\"center\"><strong>18<\/strong><\/td><td class=\"has-text-align-center\" data-align=\"center\"><strong>10<\/strong><\/td><td class=\"has-text-align-center\" data-align=\"center\"><strong>6<\/strong><\/td><td class=\"has-text-align-center\" data-align=\"center\"><strong>2<\/strong><\/td><td class=\"has-text-align-center\" data-align=\"center\"><strong>40<\/strong><\/td><td class=\"has-text-align-center\" data-align=\"center\"><strong>19<\/strong><\/td><td class=\"has-text-align-center\" data-align=\"center\"><strong>21<\/strong><\/td><td class=\"has-text-align-center\" data-align=\"center\"><strong>36<\/strong><\/td><\/tr><tr><td class=\"has-text-align-center\" data-align=\"center\">4\u00ba<\/td><td class=\"has-text-align-center\" data-align=\"center\">UD Viladecans \u00abB\u00bb<\/td><td class=\"has-text-align-center\" data-align=\"center\">18<\/td><td class=\"has-text-align-center\" data-align=\"center\">11<\/td><td class=\"has-text-align-center\" data-align=\"center\">3<\/td><td class=\"has-text-align-center\" data-align=\"center\">4<\/td><td class=\"has-text-align-center\" data-align=\"center\">40<\/td><td class=\"has-text-align-center\" data-align=\"center\">21<\/td><td class=\"has-text-align-center\" data-align=\"center\">19<\/td><td class=\"has-text-align-center\" data-align=\"center\">36<\/td><\/tr><tr><td class=\"has-text-align-center\" data-align=\"center\">5\u00ba<\/td><td class=\"has-text-align-center\" data-align=\"center\">Atl\u00e8tic Hospitalense<\/td><td class=\"has-text-align-center\" data-align=\"center\">18<\/td><td class=\"has-text-align-center\" data-align=\"center\">9<\/td><td class=\"has-text-align-center\" data-align=\"center\">5<\/td><td class=\"has-text-align-center\" data-align=\"center\">4<\/td><td class=\"has-text-align-center\" data-align=\"center\">33<\/td><td class=\"has-text-align-center\" data-align=\"center\">23<\/td><td class=\"has-text-align-center\" data-align=\"center\">10<\/td><td class=\"has-text-align-center\" data-align=\"center\">32<\/td><\/tr><tr><td class=\"has-text-align-center\" data-align=\"center\">6\u00ba<\/td><td class=\"has-text-align-center\" data-align=\"center\">ACS Albirrojita de Catalunya<\/td><td class=\"has-text-align-center\" data-align=\"center\">18<\/td><td class=\"has-text-align-center\" data-align=\"center\">10<\/td><td class=\"has-text-align-center\" data-align=\"center\">2<\/td><td class=\"has-text-align-center\" data-align=\"center\">6<\/td><td class=\"has-text-align-center\" data-align=\"center\">39<\/td><td class=\"has-text-align-center\" data-align=\"center\">36<\/td><td class=\"has-text-align-center\" data-align=\"center\">3<\/td><td class=\"has-text-align-center\" data-align=\"center\">32<\/td><\/tr><tr><td class=\"has-text-align-center\" data-align=\"center\">7\u00ba<\/td><td class=\"has-text-align-center\" data-align=\"center\">UD Vistalegre<\/td><td class=\"has-text-align-center\" data-align=\"center\">18<\/td><td class=\"has-text-align-center\" data-align=\"center\">8<\/td><td class=\"has-text-align-center\" data-align=\"center\">7<\/td><td class=\"has-text-align-center\" data-align=\"center\">3<\/td><td class=\"has-text-align-center\" data-align=\"center\">30<\/td><td class=\"has-text-align-center\" data-align=\"center\">20<\/td><td class=\"has-text-align-center\" data-align=\"center\">10<\/td><td class=\"has-text-align-center\" data-align=\"center\">31<\/td><\/tr><tr><td class=\"has-text-align-center\" data-align=\"center\">8\u00ba<\/td><td class=\"has-text-align-center\" data-align=\"center\">CF Can Vidalet \u00abB\u00bb<\/td><td class=\"has-text-align-center\" data-align=\"center\">18<\/td><td class=\"has-text-align-center\" data-align=\"center\">7<\/td><td class=\"has-text-align-center\" data-align=\"center\">3<\/td><td class=\"has-text-align-center\" data-align=\"center\">8<\/td><td class=\"has-text-align-center\" data-align=\"center\">34<\/td><td class=\"has-text-align-center\" data-align=\"center\">29<\/td><td class=\"has-text-align-center\" data-align=\"center\">5<\/td><td class=\"has-text-align-center\" data-align=\"center\">24<\/td><\/tr><tr><td class=\"has-text-align-center\" data-align=\"center\">9\u00ba<\/td><td class=\"has-text-align-center\" data-align=\"center\">CF Sant Just Desvern<\/td><td class=\"has-text-align-center\" data-align=\"center\">18<\/td><td class=\"has-text-align-center\" data-align=\"center\">6<\/td><td class=\"has-text-align-center\" data-align=\"center\">5<\/td><td class=\"has-text-align-center\" data-align=\"center\">7<\/td><td class=\"has-text-align-center\" data-align=\"center\">27<\/td><td class=\"has-text-align-center\" data-align=\"center\">27<\/td><td class=\"has-text-align-center\" data-align=\"center\">0<\/td><td class=\"has-text-align-center\" data-align=\"center\">23<\/td><\/tr><tr><td class=\"has-text-align-center\" data-align=\"center\">10\u00ba<\/td><td class=\"has-text-align-center\" data-align=\"center\">UE Castelldefels \u00abB\u00bb<\/td><td class=\"has-text-align-center\" data-align=\"center\">18<\/td><td class=\"has-text-align-center\" data-align=\"center\">5<\/td><td class=\"has-text-align-center\" data-align=\"center\">5<\/td><td class=\"has-text-align-center\" data-align=\"center\">8<\/td><td class=\"has-text-align-center\" data-align=\"center\">29<\/td><td class=\"has-text-align-center\" data-align=\"center\">33<\/td><td class=\"has-text-align-center\" data-align=\"center\">-14<\/td><td class=\"has-text-align-center\" data-align=\"center\">20<\/td><\/tr><tr><td class=\"has-text-align-center\" data-align=\"center\">11\u00ba<\/td><td class=\"has-text-align-center\" data-align=\"center\">CFA Espluguenc<\/td><td class=\"has-text-align-center\" data-align=\"center\">18<\/td><td class=\"has-text-align-center\" data-align=\"center\">6<\/td><td class=\"has-text-align-center\" data-align=\"center\">1<\/td><td class=\"has-text-align-center\" data-align=\"center\">11<\/td><td class=\"has-text-align-center\" data-align=\"center\">31<\/td><td class=\"has-text-align-center\" data-align=\"center\">50<\/td><td class=\"has-text-align-center\" data-align=\"center\">-19<\/td><td class=\"has-text-align-center\" data-align=\"center\">19<\/td><\/tr><tr><td class=\"has-text-align-center\" data-align=\"center\">12\u00ba<\/td><td class=\"has-text-align-center\" data-align=\"center\">P\u00aa Barcelonista Anguera \u00abB\u00bb<\/td><td class=\"has-text-align-center\" data-align=\"center\">18<\/td><td class=\"has-text-align-center\" data-align=\"center\">3<\/td><td class=\"has-text-align-center\" data-align=\"center\">9<\/td><td class=\"has-text-align-center\" data-align=\"center\">6<\/td><td class=\"has-text-align-center\" data-align=\"center\">42<\/td><td class=\"has-text-align-center\" data-align=\"center\">46<\/td><td class=\"has-text-align-center\" data-align=\"center\">-4<\/td><td class=\"has-text-align-center\" data-align=\"center\">18<\/td><\/tr><tr><td class=\"has-text-align-center\" data-align=\"center\">13\u00ba<\/td><td class=\"has-text-align-center\" data-align=\"center\">FC Santboia \u00abB\u00bb<\/td><td class=\"has-text-align-center\" data-align=\"center\">18<\/td><td class=\"has-text-align-center\" data-align=\"center\">5<\/td><td class=\"has-text-align-center\" data-align=\"center\">3<\/td><td class=\"has-text-align-center\" data-align=\"center\">10<\/td><td class=\"has-text-align-center\" data-align=\"center\">21<\/td><td class=\"has-text-align-center\" data-align=\"center\">32<\/td><td class=\"has-text-align-center\" data-align=\"center\">-11<\/td><td class=\"has-text-align-center\" data-align=\"center\">18<\/td><\/tr><tr><td class=\"has-text-align-center\" data-align=\"center\">14\u00ba<\/td><td class=\"has-text-align-center\" data-align=\"center\">UD Gornal<\/td><td class=\"has-text-align-center\" data-align=\"center\">18<\/td><td class=\"has-text-align-center\" data-align=\"center\">3<\/td><td class=\"has-text-align-center\" data-align=\"center\">3<\/td><td class=\"has-text-align-center\" data-align=\"center\">12<\/td><td class=\"has-text-align-center\" data-align=\"center\">28<\/td><td class=\"has-text-align-center\" data-align=\"center\">43<\/td><td class=\"has-text-align-center\" data-align=\"center\">-15<\/td><td class=\"has-text-align-center\" data-align=\"center\">12<\/td><\/tr><tr><td class=\"has-text-align-center\" data-align=\"center\">15\u00ba<\/td><td class=\"has-text-align-center\" data-align=\"center\">FC Athletic Viladecans<\/td><td class=\"has-text-align-center\" data-align=\"center\">18<\/td><td class=\"has-text-align-center\" data-align=\"center\">3<\/td><td class=\"has-text-align-center\" data-align=\"center\">2<\/td><td class=\"has-text-align-center\" data-align=\"center\">13<\/td><td class=\"has-text-align-center\" data-align=\"center\">28<\/td><td class=\"has-text-align-center\" data-align=\"center\">50<\/td><td class=\"has-text-align-center\" data-align=\"center\">-22<\/td><td class=\"has-text-align-center\" data-align=\"center\">11<\/td><\/tr><tr><td class=\"has-text-align-center\" data-align=\"center\">16\u00ba<\/td><td class=\"has-text-align-center\" data-align=\"center\">CF Can Roca<\/td><td class=\"has-text-align-center\" data-align=\"center\">18<\/td><td class=\"has-text-align-center\" data-align=\"center\">3<\/td><td class=\"has-text-align-center\" data-align=\"center\">2<\/td><td class=\"has-text-align-center\" data-align=\"center\">13<\/td><td class=\"has-text-align-center\" data-align=\"center\">27<\/td><td class=\"has-text-align-center\" data-align=\"center\">56<\/td><td class=\"has-text-align-center\" data-align=\"center\">-29<\/td><td class=\"has-text-align-center\" data-align=\"center\">11<\/td><\/tr><\/tbody><\/table><\/figure>\n","protected":false},"excerpt":{"rendered":"<p>3\u00aa Catalana &#8211; Grupo 11 &#8211; 2025\/26 Posici\u00f3n Equipo P G E P GF GC Dif. Ptos 1\u00ba CF Terlenka Barcelonista \u00abB\u00bb 18 11 6 1 28 14 14 39 2\u00ba Fundaci\u00f3 Atl\u00e8tic Sant Just 18 12 2 4 42 19 23 38 3\u00ba CD Fontsanta-Fatjo 18 10 6 2 40 19 21 36 4\u00ba [&hellip;]<\/p>\n","protected":false},"author":1,"featured_media":0,"parent":0,"menu_order":0,"comment_status":"closed","ping_status":"closed","template":"","meta":{"_eb_attr":"","advanced_seo_description":"","jetpack_seo_html_title":"","jetpack_seo_noindex":false,"jetpack_post_was_ever_published":false,"footnotes":""},"class_list":["post-2307","page","type-page","status-publish","hentry"],"jetpack_sharing_enabled":true,"jetpack-related-posts":[{"id":155,"url":"http:\/\/www.bloguecornella.es\/wordpress\/3a-catalana-cd-fontsanta-fatjo\/","url_meta":{"origin":2307,"position":0},"title":"3\u00aa Catalana &#8211; CD Fontsanta Fatjo","author":"bloguecornella","date":"16 de septiembre de 2024","format":false,"excerpt":"Clasificaci\u00f3n 3\u00aa Catalana Grupo 12 Temporada 2024-25 \u00a0 \u00a0 P G E P GF GC Dif. Ptos 1\u00ba Corbera 28 22 2 4 75 39 36 68 2\u00ba CFA Espluguenc 28 18 6 4 59 36 23 60 3\u00ba CD Fontsanta-Fatjo 28 17 5 6 65 39 26 56 4\u00ba\u2026","rel":"","context":"Entrada similar","block_context":{"text":"Entrada similar","link":""},"img":{"alt_text":"","src":"https:\/\/i0.wp.com\/www.bloguecornella.es\/wordpress\/wp-content\/uploads\/2025\/02\/Escudo-Fontsanta.jpg?fit=220%2C220&resize=350%2C200","width":350,"height":200},"classes":[]},{"id":390,"url":"http:\/\/www.bloguecornella.es\/wordpress\/historia-cd-fontsanta-fatjo\/","url_meta":{"origin":2307,"position":1},"title":"Historia CD Fontsanta Fatjo","author":"bloguecornella","date":"5 de noviembre de 2024","format":false,"excerpt":"En est\u00e1 p\u00e1gina, se podr\u00e1 consultar la trayectoria del CD Fontsanta Fatjo, desde la temporada 2014-15 hasta la actualidad. TemporadaCategor\u00edaGrupoPuestoPuntos2023\/243\u00aa Catalana125\u00ba522022\/233\u00aa Catalana105\u00ba602021\/222\u00aa Catalana415\u00ba182020\/21*2\u00aa Catalana610\u00ba02019\/20*2\u00aa Catalana314\u00ba272018\/192\u00aa Catalana39\u00ba482017\/182\u00aa Catalana36\u00ba542016\/172\u00aa Catalana35\u00ba532015\/162\u00aa Catalana313\u00ba422014\/153\u00aa Catalana101\u00ba85 Nota: En la temporada 2020\/21 se suspendi\u00f3 la competici\u00f3n, por la pandemia, en la jornada 2. En la temporada 2019\/20\u2026","rel":"","context":"Entrada similar","block_context":{"text":"Entrada similar","link":""},"img":{"alt_text":"","src":"","width":0,"height":0},"classes":[]},{"id":1494,"url":"http:\/\/www.bloguecornella.es\/wordpress\/futbol-cornella\/","url_meta":{"origin":2307,"position":2},"title":"F\u00fatbol Cornell\u00e0","author":"bloguecornella","date":"16 de mayo de 2025","format":false,"excerpt":"Enlaces de inter\u00e9s Clasificaci\u00f3n UE Sant Ildefons 25\/26 Clasificaci\u00f3n CD Almeda 25\/26 Clasificaci\u00f3n CD Fontsanta-Fatjo 25\/26 \u00daltimas noticias sobre el f\u00fatbol en Cornell\u00e0 de Llobregat","rel":"","context":"Entrada similar","block_context":{"text":"Entrada similar","link":""},"img":{"alt_text":"","src":"","width":0,"height":0},"classes":[]},{"id":2304,"url":"http:\/\/www.bloguecornella.es\/wordpress\/clasificacion-cd-almeda-25-26\/","url_meta":{"origin":2307,"position":3},"title":"Clasificaci\u00f3n CD Almeda 25\/26","author":"bloguecornella","date":"19 de agosto de 2025","format":false,"excerpt":"Tercera Catalana - Grupo 9 - 2025\/26 Posici\u00f3nEquipoPGEPGFGCDif.Ptos1\u00baUE Sants \"B\"181224472720382\u00baCE Codolar181224351817383\u00baCD Almeda18963331617334\u00baSan Lorenzo Catalunya18963312011335\u00baFC Deportivo Paraguay17102536333326\u00baCF Vilomara1784537316287\u00baCE Congres1891827252288\u00baCF Chacarita18675302010259\u00baCF Bufala18747282642510\u00baCD Trinidad187472426-22511\u00baFC Azul y Oro18666292902412\u00baFC Inspire Soccer186572627-12313\u00baCD Sant Genis-Penitentes1835102142-211414\u00baCE Canyelles \"B\"182792238-161315\u00baAE Young Talent Badalona Sud1824122141-201016\u00baCF Lloreda \"B\"1805131746-295","rel":"","context":"Entrada similar","block_context":{"text":"Entrada similar","link":""},"img":{"alt_text":"","src":"https:\/\/i0.wp.com\/www.bloguecornella.es\/wordpress\/wp-content\/uploads\/2025\/02\/Escudo-Almeda.png?fit=200%2C200&resize=350%2C200","width":350,"height":200},"classes":[]},{"id":153,"url":"http:\/\/www.bloguecornella.es\/wordpress\/2a-catalana-cd-almeda\/","url_meta":{"origin":2307,"position":4},"title":"2\u00aa Catalana &#8211; CD Almeda","author":"bloguecornella","date":"16 de septiembre de 2024","format":false,"excerpt":"Clasificaci\u00f3n 2\u00aa Catalana Grupo 3 Temporada 2024-25 \u00a0 \u00a0 P G E P GF GC Dif. Ptos 1\u00ba APA Poble Sec 28 19 3 6 68 46 22 60 2\u00ba Terlenka Barcelonista 28 15 6 7 59 35 24 51 3\u00ba Sector Montserratina 28 15 3 10 61 46 15\u2026","rel":"","context":"Entrada similar","block_context":{"text":"Entrada similar","link":""},"img":{"alt_text":"","src":"https:\/\/i0.wp.com\/www.bloguecornella.es\/wordpress\/wp-content\/uploads\/2025\/02\/Escudo-Almeda.png?fit=200%2C200&resize=350%2C200","width":350,"height":200},"classes":[]},{"id":384,"url":"http:\/\/www.bloguecornella.es\/wordpress\/historia-cd-almeda\/","url_meta":{"origin":2307,"position":5},"title":"Historia CD Almeda","author":"bloguecornella","date":"4 de noviembre de 2024","format":false,"excerpt":"En est\u00e1 p\u00e1gina, se podr\u00e1 ver toda la trayectoria del CD Almeda desde la temporada 2014-15 en adelante. TemporadaCategor\u00edaGrupoPosici\u00f3nPuntos2023\/242\u00aa Catalana35\u00ba572022\/232\u00aa Catalana3A6\u00ba282021\/222\u00aa Catalana311\u00ba322020\/21*2\u00aa Catalana32\u00ba32019\/20*2\u00aa Catalana38\u00ba232018\/193\u00aa Catalana101\u00ba752017\/183\u00aa Catalana105\u00ba552016\/173\u00aa Catalana107\u00ba512015\/163\u00aa Catalana1013\u00ba442014\/153\u00aa Catalana1013\u00ba40 Notas: La temporada 2019\/20 se paro en la Jornada 23 por la pandemia. La temporada 2020\/21 se paro en la Jornada\u2026","rel":"","context":"Entrada similar","block_context":{"text":"Entrada similar","link":""},"img":{"alt_text":"","src":"","width":0,"height":0},"classes":[]}],"_links":{"self":[{"href":"http:\/\/www.bloguecornella.es\/wordpress\/wp-json\/wp\/v2\/pages\/2307","targetHints":{"allow":["GET"]}}],"collection":[{"href":"http:\/\/www.bloguecornella.es\/wordpress\/wp-json\/wp\/v2\/pages"}],"about":[{"href":"http:\/\/www.bloguecornella.es\/wordpress\/wp-json\/wp\/v2\/types\/page"}],"author":[{"embeddable":true,"href":"http:\/\/www.bloguecornella.es\/wordpress\/wp-json\/wp\/v2\/users\/1"}],"replies":[{"embeddable":true,"href":"http:\/\/www.bloguecornella.es\/wordpress\/wp-json\/wp\/v2\/comments?post=2307"}],"version-history":[{"count":25,"href":"http:\/\/www.bloguecornella.es\/wordpress\/wp-json\/wp\/v2\/pages\/2307\/revisions"}],"predecessor-version":[{"id":3931,"href":"http:\/\/www.bloguecornella.es\/wordpress\/wp-json\/wp\/v2\/pages\/2307\/revisions\/3931"}],"wp:attachment":[{"href":"http:\/\/www.bloguecornella.es\/wordpress\/wp-json\/wp\/v2\/media?parent=2307"}],"curies":[{"name":"wp","href":"https:\/\/api.w.org\/{rel}","templated":true}]}}