{"id":2304,"date":"2025-08-19T10:19:02","date_gmt":"2025-08-19T08:19:02","guid":{"rendered":"http:\/\/www.bloguecornella.es\/wordpress\/?page_id=2304"},"modified":"2026-02-16T15:38:18","modified_gmt":"2026-02-16T14:38:18","slug":"clasificacion-cd-almeda-25-26","status":"publish","type":"page","link":"http:\/\/www.bloguecornella.es\/wordpress\/clasificacion-cd-almeda-25-26\/","title":{"rendered":"Clasificaci\u00f3n CD Almeda 25\/26"},"content":{"rendered":"\n<p>Tercera Catalana &#8211; Grupo 9 &#8211; 2025\/26<\/p>\n\n\n\n<figure class=\"wp-block-table alignwide is-style-stripes\"><table class=\"has-background has-border-color has-contrast-border-color\" style=\"background:linear-gradient(135deg,rgb(15,139,211) 0%,rgb(253,253,253) 98%);border-width:1px\"><thead><tr><th class=\"has-text-align-center\" data-align=\"center\">Posici\u00f3n<\/th><th class=\"has-text-align-center\" data-align=\"center\">Equipo<\/th><th class=\"has-text-align-center\" data-align=\"center\">P<\/th><th class=\"has-text-align-center\" data-align=\"center\">G<\/th><th class=\"has-text-align-center\" data-align=\"center\">E<\/th><th class=\"has-text-align-center\" data-align=\"center\">P<\/th><th class=\"has-text-align-center\" data-align=\"center\">GF<\/th><th class=\"has-text-align-center\" data-align=\"center\">GC<\/th><th class=\"has-text-align-center\" data-align=\"center\">Dif.<\/th><th class=\"has-text-align-center\" data-align=\"center\">Ptos<\/th><\/tr><\/thead><tbody><tr><td class=\"has-text-align-center\" data-align=\"center\">1\u00ba<\/td><td class=\"has-text-align-center\" data-align=\"center\">UE Sants \u00abB\u00bb<\/td><td class=\"has-text-align-center\" data-align=\"center\">18<\/td><td class=\"has-text-align-center\" data-align=\"center\">12<\/td><td class=\"has-text-align-center\" data-align=\"center\">2<\/td><td class=\"has-text-align-center\" data-align=\"center\">4<\/td><td class=\"has-text-align-center\" data-align=\"center\">47<\/td><td class=\"has-text-align-center\" data-align=\"center\">27<\/td><td class=\"has-text-align-center\" data-align=\"center\">20<\/td><td class=\"has-text-align-center\" data-align=\"center\">38<\/td><\/tr><tr><td class=\"has-text-align-center\" data-align=\"center\">2\u00ba<\/td><td class=\"has-text-align-center\" data-align=\"center\">CE Codolar<\/td><td class=\"has-text-align-center\" data-align=\"center\">18<\/td><td class=\"has-text-align-center\" data-align=\"center\">12<\/td><td class=\"has-text-align-center\" data-align=\"center\">2<\/td><td class=\"has-text-align-center\" data-align=\"center\">4<\/td><td class=\"has-text-align-center\" data-align=\"center\">35<\/td><td class=\"has-text-align-center\" data-align=\"center\">18<\/td><td class=\"has-text-align-center\" data-align=\"center\">17<\/td><td class=\"has-text-align-center\" data-align=\"center\">38<\/td><\/tr><tr><td class=\"has-text-align-center\" data-align=\"center\"><strong>3\u00ba<\/strong><\/td><td class=\"has-text-align-center\" data-align=\"center\"><strong>CD Almeda<\/strong><\/td><td class=\"has-text-align-center\" data-align=\"center\"><strong>18<\/strong><\/td><td class=\"has-text-align-center\" data-align=\"center\"><strong>9<\/strong><\/td><td class=\"has-text-align-center\" data-align=\"center\"><strong>6<\/strong><\/td><td class=\"has-text-align-center\" data-align=\"center\"><strong>3<\/strong><\/td><td class=\"has-text-align-center\" data-align=\"center\"><strong>33<\/strong><\/td><td class=\"has-text-align-center\" data-align=\"center\"><strong>16<\/strong><\/td><td class=\"has-text-align-center\" data-align=\"center\"><strong>17<\/strong><\/td><td class=\"has-text-align-center\" data-align=\"center\"><strong>33<\/strong><\/td><\/tr><tr><td class=\"has-text-align-center\" data-align=\"center\">4\u00ba<\/td><td class=\"has-text-align-center\" data-align=\"center\">San Lorenzo Catalunya<\/td><td class=\"has-text-align-center\" data-align=\"center\">18<\/td><td class=\"has-text-align-center\" data-align=\"center\">9<\/td><td class=\"has-text-align-center\" data-align=\"center\">6<\/td><td class=\"has-text-align-center\" data-align=\"center\">3<\/td><td class=\"has-text-align-center\" data-align=\"center\">31<\/td><td class=\"has-text-align-center\" data-align=\"center\">20<\/td><td class=\"has-text-align-center\" data-align=\"center\">11<\/td><td class=\"has-text-align-center\" data-align=\"center\">33<\/td><\/tr><tr><td class=\"has-text-align-center\" data-align=\"center\">5\u00ba<\/td><td class=\"has-text-align-center\" data-align=\"center\">FC Deportivo Paraguay<\/td><td class=\"has-text-align-center\" data-align=\"center\">17<\/td><td class=\"has-text-align-center\" data-align=\"center\">10<\/td><td class=\"has-text-align-center\" data-align=\"center\">2<\/td><td class=\"has-text-align-center\" data-align=\"center\">5<\/td><td class=\"has-text-align-center\" data-align=\"center\">36<\/td><td class=\"has-text-align-center\" data-align=\"center\">33<\/td><td class=\"has-text-align-center\" data-align=\"center\">3<\/td><td class=\"has-text-align-center\" data-align=\"center\">32<\/td><\/tr><tr><td class=\"has-text-align-center\" data-align=\"center\">6\u00ba<\/td><td class=\"has-text-align-center\" data-align=\"center\">CF Vilomara<\/td><td class=\"has-text-align-center\" data-align=\"center\">17<\/td><td class=\"has-text-align-center\" data-align=\"center\">8<\/td><td class=\"has-text-align-center\" data-align=\"center\">4<\/td><td class=\"has-text-align-center\" data-align=\"center\">5<\/td><td class=\"has-text-align-center\" data-align=\"center\">37<\/td><td class=\"has-text-align-center\" data-align=\"center\">31<\/td><td class=\"has-text-align-center\" data-align=\"center\">6<\/td><td class=\"has-text-align-center\" data-align=\"center\">28<\/td><\/tr><tr><td class=\"has-text-align-center\" data-align=\"center\">7\u00ba<\/td><td class=\"has-text-align-center\" data-align=\"center\">CE Congres<\/td><td class=\"has-text-align-center\" data-align=\"center\">18<\/td><td class=\"has-text-align-center\" data-align=\"center\">9<\/td><td class=\"has-text-align-center\" data-align=\"center\">1<\/td><td class=\"has-text-align-center\" data-align=\"center\">8<\/td><td class=\"has-text-align-center\" data-align=\"center\">27<\/td><td class=\"has-text-align-center\" data-align=\"center\">25<\/td><td class=\"has-text-align-center\" data-align=\"center\">2<\/td><td class=\"has-text-align-center\" data-align=\"center\">28<\/td><\/tr><tr><td class=\"has-text-align-center\" data-align=\"center\">8\u00ba<\/td><td class=\"has-text-align-center\" data-align=\"center\">CF Chacarita<\/td><td class=\"has-text-align-center\" data-align=\"center\">18<\/td><td class=\"has-text-align-center\" data-align=\"center\">6<\/td><td class=\"has-text-align-center\" data-align=\"center\">7<\/td><td class=\"has-text-align-center\" data-align=\"center\">5<\/td><td class=\"has-text-align-center\" data-align=\"center\">30<\/td><td class=\"has-text-align-center\" data-align=\"center\">20<\/td><td class=\"has-text-align-center\" data-align=\"center\">10<\/td><td class=\"has-text-align-center\" data-align=\"center\">25<\/td><\/tr><tr><td class=\"has-text-align-center\" data-align=\"center\">9\u00ba<\/td><td class=\"has-text-align-center\" data-align=\"center\">CF Bufala<\/td><td class=\"has-text-align-center\" data-align=\"center\">18<\/td><td class=\"has-text-align-center\" data-align=\"center\">7<\/td><td class=\"has-text-align-center\" data-align=\"center\">4<\/td><td class=\"has-text-align-center\" data-align=\"center\">7<\/td><td class=\"has-text-align-center\" data-align=\"center\">28<\/td><td class=\"has-text-align-center\" data-align=\"center\">26<\/td><td class=\"has-text-align-center\" data-align=\"center\">4<\/td><td class=\"has-text-align-center\" data-align=\"center\">25<\/td><\/tr><tr><td class=\"has-text-align-center\" data-align=\"center\">10\u00ba<\/td><td class=\"has-text-align-center\" data-align=\"center\">CD Trinidad<\/td><td class=\"has-text-align-center\" data-align=\"center\">18<\/td><td class=\"has-text-align-center\" data-align=\"center\">7<\/td><td class=\"has-text-align-center\" data-align=\"center\">4<\/td><td class=\"has-text-align-center\" data-align=\"center\">7<\/td><td class=\"has-text-align-center\" data-align=\"center\">24<\/td><td class=\"has-text-align-center\" data-align=\"center\">26<\/td><td class=\"has-text-align-center\" data-align=\"center\">-2<\/td><td class=\"has-text-align-center\" data-align=\"center\">25<\/td><\/tr><tr><td class=\"has-text-align-center\" data-align=\"center\">11\u00ba<\/td><td class=\"has-text-align-center\" data-align=\"center\">FC Azul y Oro<\/td><td class=\"has-text-align-center\" data-align=\"center\">18<\/td><td class=\"has-text-align-center\" data-align=\"center\">6<\/td><td class=\"has-text-align-center\" data-align=\"center\">6<\/td><td class=\"has-text-align-center\" data-align=\"center\">6<\/td><td class=\"has-text-align-center\" data-align=\"center\">29<\/td><td class=\"has-text-align-center\" data-align=\"center\">29<\/td><td class=\"has-text-align-center\" data-align=\"center\">0<\/td><td class=\"has-text-align-center\" data-align=\"center\">24<\/td><\/tr><tr><td class=\"has-text-align-center\" data-align=\"center\">12\u00ba<\/td><td class=\"has-text-align-center\" data-align=\"center\">FC Inspire Soccer<\/td><td class=\"has-text-align-center\" data-align=\"center\">18<\/td><td class=\"has-text-align-center\" data-align=\"center\">6<\/td><td class=\"has-text-align-center\" data-align=\"center\">5<\/td><td class=\"has-text-align-center\" data-align=\"center\">7<\/td><td class=\"has-text-align-center\" data-align=\"center\">26<\/td><td class=\"has-text-align-center\" data-align=\"center\">27<\/td><td class=\"has-text-align-center\" data-align=\"center\">-1<\/td><td class=\"has-text-align-center\" data-align=\"center\">23<\/td><\/tr><tr><td class=\"has-text-align-center\" data-align=\"center\">13\u00ba<\/td><td class=\"has-text-align-center\" data-align=\"center\">CD Sant Genis-Penitentes<\/td><td class=\"has-text-align-center\" data-align=\"center\">18<\/td><td class=\"has-text-align-center\" data-align=\"center\">3<\/td><td class=\"has-text-align-center\" data-align=\"center\">5<\/td><td class=\"has-text-align-center\" data-align=\"center\">10<\/td><td class=\"has-text-align-center\" data-align=\"center\">21<\/td><td class=\"has-text-align-center\" data-align=\"center\">42<\/td><td class=\"has-text-align-center\" data-align=\"center\">-21<\/td><td class=\"has-text-align-center\" data-align=\"center\">14<\/td><\/tr><tr><td class=\"has-text-align-center\" data-align=\"center\">14\u00ba<\/td><td class=\"has-text-align-center\" data-align=\"center\">CE Canyelles \u00abB\u00bb<\/td><td class=\"has-text-align-center\" data-align=\"center\">18<\/td><td class=\"has-text-align-center\" data-align=\"center\">2<\/td><td class=\"has-text-align-center\" data-align=\"center\">7<\/td><td class=\"has-text-align-center\" data-align=\"center\">9<\/td><td class=\"has-text-align-center\" data-align=\"center\">22<\/td><td class=\"has-text-align-center\" data-align=\"center\">38<\/td><td class=\"has-text-align-center\" data-align=\"center\">-16<\/td><td class=\"has-text-align-center\" data-align=\"center\">13<\/td><\/tr><tr><td class=\"has-text-align-center\" data-align=\"center\">15\u00ba<\/td><td class=\"has-text-align-center\" data-align=\"center\">AE Young Talent Badalona Sud<\/td><td class=\"has-text-align-center\" data-align=\"center\">18<\/td><td class=\"has-text-align-center\" data-align=\"center\">2<\/td><td class=\"has-text-align-center\" data-align=\"center\">4<\/td><td class=\"has-text-align-center\" data-align=\"center\">12<\/td><td class=\"has-text-align-center\" data-align=\"center\">21<\/td><td class=\"has-text-align-center\" data-align=\"center\">41<\/td><td class=\"has-text-align-center\" data-align=\"center\">-20<\/td><td class=\"has-text-align-center\" data-align=\"center\">10<\/td><\/tr><tr><td class=\"has-text-align-center\" data-align=\"center\">16\u00ba<\/td><td class=\"has-text-align-center\" data-align=\"center\">CF Lloreda \u00abB\u00bb<\/td><td class=\"has-text-align-center\" data-align=\"center\">18<\/td><td class=\"has-text-align-center\" data-align=\"center\">0<\/td><td class=\"has-text-align-center\" data-align=\"center\">5<\/td><td class=\"has-text-align-center\" data-align=\"center\">13<\/td><td class=\"has-text-align-center\" data-align=\"center\">17<\/td><td class=\"has-text-align-center\" data-align=\"center\">46<\/td><td class=\"has-text-align-center\" data-align=\"center\">-29<\/td><td class=\"has-text-align-center\" data-align=\"center\">5<\/td><\/tr><\/tbody><\/table><\/figure>\n","protected":false},"excerpt":{"rendered":"<p>Tercera Catalana &#8211; Grupo 9 &#8211; 2025\/26 Posici\u00f3n Equipo P G E P GF GC Dif. Ptos 1\u00ba UE Sants \u00abB\u00bb 18 12 2 4 47 27 20 38 2\u00ba CE Codolar 18 12 2 4 35 18 17 38 3\u00ba CD Almeda 18 9 6 3 33 16 17 33 4\u00ba San Lorenzo Catalunya [&hellip;]<\/p>\n","protected":false},"author":1,"featured_media":828,"parent":0,"menu_order":0,"comment_status":"closed","ping_status":"closed","template":"","meta":{"_eb_attr":"","advanced_seo_description":"","jetpack_seo_html_title":"","jetpack_seo_noindex":false,"jetpack_post_was_ever_published":false,"footnotes":""},"class_list":["post-2304","page","type-page","status-publish","has-post-thumbnail","hentry"],"jetpack_sharing_enabled":true,"jetpack-related-posts":[{"id":153,"url":"http:\/\/www.bloguecornella.es\/wordpress\/2a-catalana-cd-almeda\/","url_meta":{"origin":2304,"position":0},"title":"2\u00aa Catalana &#8211; CD Almeda","author":"bloguecornella","date":"16 de septiembre de 2024","format":false,"excerpt":"Clasificaci\u00f3n 2\u00aa Catalana Grupo 3 Temporada 2024-25 \u00a0 \u00a0 P G E P GF GC Dif. Ptos 1\u00ba APA Poble Sec 28 19 3 6 68 46 22 60 2\u00ba Terlenka Barcelonista 28 15 6 7 59 35 24 51 3\u00ba Sector Montserratina 28 15 3 10 61 46 15\u2026","rel":"","context":"Entrada similar","block_context":{"text":"Entrada similar","link":""},"img":{"alt_text":"","src":"https:\/\/i0.wp.com\/www.bloguecornella.es\/wordpress\/wp-content\/uploads\/2025\/02\/Escudo-Almeda.png?fit=200%2C200&resize=350%2C200","width":350,"height":200},"classes":[]},{"id":1494,"url":"http:\/\/www.bloguecornella.es\/wordpress\/futbol-cornella\/","url_meta":{"origin":2304,"position":1},"title":"F\u00fatbol Cornell\u00e0","author":"bloguecornella","date":"16 de mayo de 2025","format":false,"excerpt":"Enlaces de inter\u00e9s Clasificaci\u00f3n UE Sant Ildefons 25\/26 Clasificaci\u00f3n CD Almeda 25\/26 Clasificaci\u00f3n CD Fontsanta-Fatjo 25\/26 \u00daltimas noticias sobre el f\u00fatbol en Cornell\u00e0 de Llobregat","rel":"","context":"Entrada similar","block_context":{"text":"Entrada similar","link":""},"img":{"alt_text":"","src":"","width":0,"height":0},"classes":[]},{"id":2307,"url":"http:\/\/www.bloguecornella.es\/wordpress\/clasificacion-cd-fontsanta-fatjo-25-26\/","url_meta":{"origin":2304,"position":2},"title":"Clasificaci\u00f3n CD Fontsanta-Fatjo 25\/26","author":"bloguecornella","date":"19 de agosto de 2025","format":false,"excerpt":"3\u00aa Catalana - Grupo 11 - 2025\/26 Posici\u00f3nEquipoPGEPGFGCDif.Ptos1\u00baCF Terlenka Barcelonista \"B\"181161281414392\u00baFundaci\u00f3 Atl\u00e8tic Sant Just181224421923383\u00baCD Fontsanta-Fatjo181062401921364\u00baUD Viladecans \"B\"181134402119365\u00baAtl\u00e8tic Hospitalense18954332310326\u00baACS Albirrojita de Catalunya18102639363327\u00baUD Vistalegre18873302010318\u00baCF Can Vidalet \"B\"1873834295249\u00baCF Sant Just Desvern18657272702310\u00baUE Castelldefels \"B\"185582933-142011\u00baCFA Espluguenc1861113150-191912\u00baP\u00aa Barcelonista Anguera \"B\"183964246-41813\u00baFC Santboia \"B\"1853102132-111814\u00baUD Gornal1833122843-151215\u00baFC Athletic Viladecans1832132850-221116\u00baCF Can Roca1832132756-2911","rel":"","context":"Entrada similar","block_context":{"text":"Entrada similar","link":""},"img":{"alt_text":"","src":"","width":0,"height":0},"classes":[]},{"id":155,"url":"http:\/\/www.bloguecornella.es\/wordpress\/3a-catalana-cd-fontsanta-fatjo\/","url_meta":{"origin":2304,"position":3},"title":"3\u00aa Catalana &#8211; CD Fontsanta Fatjo","author":"bloguecornella","date":"16 de septiembre de 2024","format":false,"excerpt":"Clasificaci\u00f3n 3\u00aa Catalana Grupo 12 Temporada 2024-25 \u00a0 \u00a0 P G E P GF GC Dif. Ptos 1\u00ba Corbera 28 22 2 4 75 39 36 68 2\u00ba CFA Espluguenc 28 18 6 4 59 36 23 60 3\u00ba CD Fontsanta-Fatjo 28 17 5 6 65 39 26 56 4\u00ba\u2026","rel":"","context":"Entrada similar","block_context":{"text":"Entrada similar","link":""},"img":{"alt_text":"","src":"https:\/\/i0.wp.com\/www.bloguecornella.es\/wordpress\/wp-content\/uploads\/2025\/02\/Escudo-Fontsanta.jpg?fit=220%2C220&resize=350%2C200","width":350,"height":200},"classes":[]},{"id":1373,"url":"http:\/\/www.bloguecornella.es\/wordpress\/ue-cornella-25-26-tercera-federacion-grupo-5\/","url_meta":{"origin":2304,"position":4},"title":"UE Cornell\u00e0 &#8211; Primer equipo","author":"bloguecornella","date":"5 de mayo de 2025","format":false,"excerpt":"\u00daltimas noticias sobre la UE Cornell\u00e0 Pr\u00f3ximos partidos \u00daltimos resultados Enlaces de inter\u00e9s Calendario Temporada 25\/26 Historia UE Cornell\u00e0 Clasificaci\u00f3n Tercera Federaci\u00f3n - Grupo V - 2025\/26","rel":"","context":"Entrada similar","block_context":{"text":"Entrada similar","link":""},"img":{"alt_text":"","src":"","width":0,"height":0},"classes":[]},{"id":2301,"url":"http:\/\/www.bloguecornella.es\/wordpress\/clasificacion-ue-sant-ildefons-25-26\/","url_meta":{"origin":2304,"position":5},"title":"Clasificaci\u00f3n UE Sant Ildefons 25\/26","author":"bloguecornella","date":"19 de agosto de 2025","format":false,"excerpt":"Segunda Catalana - Grupo 3 - 2025\/26 Posici\u00f3nEquipoPGEPGFGCDif.Ptos1\u00baFC Sporting Gav\u00e0 2013181323431924412\u00baCF Racing Vallbona181152412120383\u00baUD Unificaci\u00f3n Bellvitge181026372611324\u00baAE Bon Pastor179263031-1295\u00baUE Sant Ildefons1883836315276\u00baCF Barceloneta1875630291267\u00baCF Gav\u00e01867526251258\u00baFAF L'Hospitalet187472935-6259\u00baUD Marianao Poblet186663031-12410\u00baCE Canyelles18657282712311\u00baEE Guineueta187293953-142312\u00baCE Sant Ignasi1871104243-12213\u00baUD Sector Montserratina185672429-52014\u00baAE Prat \"B\"184592731-41715\u00baCP Sarria183692235-131516\u00baC. At. Iberia1732122442-1811","rel":"","context":"Entrada similar","block_context":{"text":"Entrada similar","link":""},"img":{"alt_text":"","src":"https:\/\/i0.wp.com\/www.bloguecornella.es\/wordpress\/wp-content\/uploads\/2025\/02\/Escudo-UE-Sant-Ildefons.jpg?fit=319%2C319&resize=350%2C200","width":350,"height":200},"classes":[]}],"_links":{"self":[{"href":"http:\/\/www.bloguecornella.es\/wordpress\/wp-json\/wp\/v2\/pages\/2304","targetHints":{"allow":["GET"]}}],"collection":[{"href":"http:\/\/www.bloguecornella.es\/wordpress\/wp-json\/wp\/v2\/pages"}],"about":[{"href":"http:\/\/www.bloguecornella.es\/wordpress\/wp-json\/wp\/v2\/types\/page"}],"author":[{"embeddable":true,"href":"http:\/\/www.bloguecornella.es\/wordpress\/wp-json\/wp\/v2\/users\/1"}],"replies":[{"embeddable":true,"href":"http:\/\/www.bloguecornella.es\/wordpress\/wp-json\/wp\/v2\/comments?post=2304"}],"version-history":[{"count":28,"href":"http:\/\/www.bloguecornella.es\/wordpress\/wp-json\/wp\/v2\/pages\/2304\/revisions"}],"predecessor-version":[{"id":3926,"href":"http:\/\/www.bloguecornella.es\/wordpress\/wp-json\/wp\/v2\/pages\/2304\/revisions\/3926"}],"wp:featuredmedia":[{"embeddable":true,"href":"http:\/\/www.bloguecornella.es\/wordpress\/wp-json\/wp\/v2\/media\/828"}],"wp:attachment":[{"href":"http:\/\/www.bloguecornella.es\/wordpress\/wp-json\/wp\/v2\/media?parent=2304"}],"curies":[{"name":"wp","href":"https:\/\/api.w.org\/{rel}","templated":true}]}}