{"id":2301,"date":"2025-08-19T10:18:12","date_gmt":"2025-08-19T08:18:12","guid":{"rendered":"http:\/\/www.bloguecornella.es\/wordpress\/?page_id=2301"},"modified":"2026-02-10T09:05:08","modified_gmt":"2026-02-10T08:05:08","slug":"clasificacion-ue-sant-ildefons-25-26","status":"publish","type":"page","link":"http:\/\/www.bloguecornella.es\/wordpress\/clasificacion-ue-sant-ildefons-25-26\/","title":{"rendered":"Clasificaci\u00f3n UE Sant Ildefons 25\/26"},"content":{"rendered":"\n<p class=\"has-text-align-center has-large-font-size\" style=\"padding-top:var(--wp--preset--spacing--30);padding-bottom:var(--wp--preset--spacing--30)\"><strong>Segunda Catalana &#8211; Grupo 3<\/strong> <strong>&#8211; 2025\/26<\/strong><\/p>\n\n\n\n<figure class=\"wp-block-table alignwide is-style-regular has-small-font-size\" style=\"margin-top:0;margin-right:0;margin-bottom:0;margin-left:0\"><table class=\"has-background has-border-color has-white-border-color\" style=\"background:linear-gradient(135deg,rgb(250,253,255) 50%,rgb(81,102,224) 100%);border-width:3px\"><thead><tr><th class=\"has-text-align-center\" data-align=\"center\">Posici\u00f3n<\/th><th class=\"has-text-align-center\" data-align=\"center\">Equipo<\/th><th class=\"has-text-align-center\" data-align=\"center\">P<\/th><th class=\"has-text-align-center\" data-align=\"center\">G<\/th><th class=\"has-text-align-center\" data-align=\"center\">E<\/th><th class=\"has-text-align-center\" data-align=\"center\">P<\/th><th class=\"has-text-align-center\" data-align=\"center\">GF<\/th><th class=\"has-text-align-center\" data-align=\"center\">GC<\/th><th class=\"has-text-align-center\" data-align=\"center\">Dif.<\/th><th class=\"has-text-align-center\" data-align=\"center\">Ptos<\/th><\/tr><\/thead><tbody><tr><td class=\"has-text-align-center\" data-align=\"center\">1\u00ba<\/td><td class=\"has-text-align-center\" data-align=\"center\">FC Sporting Gav\u00e0 2013<\/td><td class=\"has-text-align-center\" data-align=\"center\">18<\/td><td class=\"has-text-align-center\" data-align=\"center\">13<\/td><td class=\"has-text-align-center\" data-align=\"center\">2<\/td><td class=\"has-text-align-center\" data-align=\"center\">3<\/td><td class=\"has-text-align-center\" data-align=\"center\">43<\/td><td class=\"has-text-align-center\" data-align=\"center\">19<\/td><td class=\"has-text-align-center\" data-align=\"center\">24<\/td><td class=\"has-text-align-center\" data-align=\"center\">41<\/td><\/tr><tr><td class=\"has-text-align-center\" data-align=\"center\">2\u00ba<\/td><td class=\"has-text-align-center\" data-align=\"center\">CF Racing Vallbona<\/td><td class=\"has-text-align-center\" data-align=\"center\">18<\/td><td class=\"has-text-align-center\" data-align=\"center\">11<\/td><td class=\"has-text-align-center\" data-align=\"center\">5<\/td><td class=\"has-text-align-center\" data-align=\"center\">2<\/td><td class=\"has-text-align-center\" data-align=\"center\">41<\/td><td class=\"has-text-align-center\" data-align=\"center\">21<\/td><td class=\"has-text-align-center\" data-align=\"center\">20<\/td><td class=\"has-text-align-center\" data-align=\"center\">38<\/td><\/tr><tr><td class=\"has-text-align-center\" data-align=\"center\">3\u00ba<\/td><td class=\"has-text-align-center\" data-align=\"center\">UD Unificaci\u00f3n Bellvitge<\/td><td class=\"has-text-align-center\" data-align=\"center\">18<\/td><td class=\"has-text-align-center\" data-align=\"center\">10<\/td><td class=\"has-text-align-center\" data-align=\"center\">2<\/td><td class=\"has-text-align-center\" data-align=\"center\">6<\/td><td class=\"has-text-align-center\" data-align=\"center\">37<\/td><td class=\"has-text-align-center\" data-align=\"center\">26<\/td><td class=\"has-text-align-center\" data-align=\"center\">11<\/td><td class=\"has-text-align-center\" data-align=\"center\">32<\/td><\/tr><tr><td class=\"has-text-align-center\" data-align=\"center\">4\u00ba<\/td><td class=\"has-text-align-center\" data-align=\"center\">AE Bon Pastor<\/td><td class=\"has-text-align-center\" data-align=\"center\">17<\/td><td class=\"has-text-align-center\" data-align=\"center\">9<\/td><td class=\"has-text-align-center\" data-align=\"center\">2<\/td><td class=\"has-text-align-center\" data-align=\"center\">6<\/td><td class=\"has-text-align-center\" data-align=\"center\">30<\/td><td class=\"has-text-align-center\" data-align=\"center\">31<\/td><td class=\"has-text-align-center\" data-align=\"center\">-1<\/td><td class=\"has-text-align-center\" data-align=\"center\">29<\/td><\/tr><tr><td class=\"has-text-align-center\" data-align=\"center\"><strong>5\u00ba<\/strong><\/td><td class=\"has-text-align-center\" data-align=\"center\"><strong>UE Sant Ildefons<\/strong><\/td><td class=\"has-text-align-center\" data-align=\"center\"><strong>18<\/strong><\/td><td class=\"has-text-align-center\" data-align=\"center\"><strong>8<\/strong><\/td><td class=\"has-text-align-center\" data-align=\"center\"><strong>3<\/strong><\/td><td class=\"has-text-align-center\" data-align=\"center\"><strong>8<\/strong><\/td><td class=\"has-text-align-center\" data-align=\"center\"><strong>36<\/strong><\/td><td class=\"has-text-align-center\" data-align=\"center\"><strong>31<\/strong><\/td><td class=\"has-text-align-center\" data-align=\"center\"><strong>5<\/strong><\/td><td class=\"has-text-align-center\" data-align=\"center\"><strong>27<\/strong><\/td><\/tr><tr><td class=\"has-text-align-center\" data-align=\"center\">6\u00ba<\/td><td class=\"has-text-align-center\" data-align=\"center\">CF Barceloneta<\/td><td class=\"has-text-align-center\" data-align=\"center\">18<\/td><td class=\"has-text-align-center\" data-align=\"center\">7<\/td><td class=\"has-text-align-center\" data-align=\"center\">5<\/td><td class=\"has-text-align-center\" data-align=\"center\">6<\/td><td class=\"has-text-align-center\" data-align=\"center\">30<\/td><td class=\"has-text-align-center\" data-align=\"center\">29<\/td><td class=\"has-text-align-center\" data-align=\"center\">1<\/td><td class=\"has-text-align-center\" data-align=\"center\">26<\/td><\/tr><tr><td class=\"has-text-align-center\" data-align=\"center\">7\u00ba<\/td><td class=\"has-text-align-center\" data-align=\"center\">CF Gav\u00e0<\/td><td class=\"has-text-align-center\" data-align=\"center\">18<\/td><td class=\"has-text-align-center\" data-align=\"center\">6<\/td><td class=\"has-text-align-center\" data-align=\"center\">7<\/td><td class=\"has-text-align-center\" data-align=\"center\">5<\/td><td class=\"has-text-align-center\" data-align=\"center\">26<\/td><td class=\"has-text-align-center\" data-align=\"center\">25<\/td><td class=\"has-text-align-center\" data-align=\"center\">1<\/td><td class=\"has-text-align-center\" data-align=\"center\">25<\/td><\/tr><tr><td class=\"has-text-align-center\" data-align=\"center\">8\u00ba<\/td><td class=\"has-text-align-center\" data-align=\"center\">FAF L&#8217;Hospitalet<\/td><td class=\"has-text-align-center\" data-align=\"center\">18<\/td><td class=\"has-text-align-center\" data-align=\"center\">7<\/td><td class=\"has-text-align-center\" data-align=\"center\">4<\/td><td class=\"has-text-align-center\" data-align=\"center\">7<\/td><td class=\"has-text-align-center\" data-align=\"center\">29<\/td><td class=\"has-text-align-center\" data-align=\"center\">35<\/td><td class=\"has-text-align-center\" data-align=\"center\">-6<\/td><td class=\"has-text-align-center\" data-align=\"center\">25<\/td><\/tr><tr><td class=\"has-text-align-center\" data-align=\"center\">9\u00ba<\/td><td class=\"has-text-align-center\" data-align=\"center\">UD Marianao Poblet<\/td><td class=\"has-text-align-center\" data-align=\"center\">18<\/td><td class=\"has-text-align-center\" data-align=\"center\">6<\/td><td class=\"has-text-align-center\" data-align=\"center\">6<\/td><td class=\"has-text-align-center\" data-align=\"center\">6<\/td><td class=\"has-text-align-center\" data-align=\"center\">30<\/td><td class=\"has-text-align-center\" data-align=\"center\">31<\/td><td class=\"has-text-align-center\" data-align=\"center\">-1<\/td><td class=\"has-text-align-center\" data-align=\"center\">24<\/td><\/tr><tr><td class=\"has-text-align-center\" data-align=\"center\">10\u00ba<\/td><td class=\"has-text-align-center\" data-align=\"center\">CE Canyelles<\/td><td class=\"has-text-align-center\" data-align=\"center\">18<\/td><td class=\"has-text-align-center\" data-align=\"center\">6<\/td><td class=\"has-text-align-center\" data-align=\"center\">5<\/td><td class=\"has-text-align-center\" data-align=\"center\">7<\/td><td class=\"has-text-align-center\" data-align=\"center\">28<\/td><td class=\"has-text-align-center\" data-align=\"center\">27<\/td><td class=\"has-text-align-center\" data-align=\"center\">1<\/td><td class=\"has-text-align-center\" data-align=\"center\">23<\/td><\/tr><tr><td class=\"has-text-align-center\" data-align=\"center\">11\u00ba<\/td><td class=\"has-text-align-center\" data-align=\"center\">EE Guineueta<\/td><td class=\"has-text-align-center\" data-align=\"center\">18<\/td><td class=\"has-text-align-center\" data-align=\"center\">7<\/td><td class=\"has-text-align-center\" data-align=\"center\">2<\/td><td class=\"has-text-align-center\" data-align=\"center\">9<\/td><td class=\"has-text-align-center\" data-align=\"center\">39<\/td><td class=\"has-text-align-center\" data-align=\"center\">53<\/td><td class=\"has-text-align-center\" data-align=\"center\">-14<\/td><td class=\"has-text-align-center\" data-align=\"center\">23<\/td><\/tr><tr><td class=\"has-text-align-center\" data-align=\"center\">12\u00ba<\/td><td class=\"has-text-align-center\" data-align=\"center\">CE Sant Ignasi<\/td><td class=\"has-text-align-center\" data-align=\"center\">18<\/td><td class=\"has-text-align-center\" data-align=\"center\">7<\/td><td class=\"has-text-align-center\" data-align=\"center\">1<\/td><td class=\"has-text-align-center\" data-align=\"center\">10<\/td><td class=\"has-text-align-center\" data-align=\"center\">42<\/td><td class=\"has-text-align-center\" data-align=\"center\">43<\/td><td class=\"has-text-align-center\" data-align=\"center\">-1<\/td><td class=\"has-text-align-center\" data-align=\"center\">22<\/td><\/tr><tr><td class=\"has-text-align-center\" data-align=\"center\">13\u00ba<\/td><td class=\"has-text-align-center\" data-align=\"center\">UD Sector Montserratina<\/td><td class=\"has-text-align-center\" data-align=\"center\">18<\/td><td class=\"has-text-align-center\" data-align=\"center\">5<\/td><td class=\"has-text-align-center\" data-align=\"center\">6<\/td><td class=\"has-text-align-center\" data-align=\"center\">7<\/td><td class=\"has-text-align-center\" data-align=\"center\">24<\/td><td class=\"has-text-align-center\" data-align=\"center\">29<\/td><td class=\"has-text-align-center\" data-align=\"center\">-5<\/td><td class=\"has-text-align-center\" data-align=\"center\">20<\/td><\/tr><tr><td class=\"has-text-align-center\" data-align=\"center\">14\u00ba<\/td><td class=\"has-text-align-center\" data-align=\"center\">AE Prat \u00abB\u00bb<\/td><td class=\"has-text-align-center\" data-align=\"center\">18<\/td><td class=\"has-text-align-center\" data-align=\"center\">4<\/td><td class=\"has-text-align-center\" data-align=\"center\">5<\/td><td class=\"has-text-align-center\" data-align=\"center\">9<\/td><td class=\"has-text-align-center\" data-align=\"center\">27<\/td><td class=\"has-text-align-center\" data-align=\"center\">31<\/td><td class=\"has-text-align-center\" data-align=\"center\">-4<\/td><td class=\"has-text-align-center\" data-align=\"center\">17<\/td><\/tr><tr><td class=\"has-text-align-center\" data-align=\"center\">15\u00ba<\/td><td class=\"has-text-align-center\" data-align=\"center\">CP Sarria<\/td><td class=\"has-text-align-center\" data-align=\"center\">18<\/td><td class=\"has-text-align-center\" data-align=\"center\">3<\/td><td class=\"has-text-align-center\" data-align=\"center\">6<\/td><td class=\"has-text-align-center\" data-align=\"center\">9<\/td><td class=\"has-text-align-center\" data-align=\"center\">22<\/td><td class=\"has-text-align-center\" data-align=\"center\">35<\/td><td class=\"has-text-align-center\" data-align=\"center\">-13<\/td><td class=\"has-text-align-center\" data-align=\"center\">15<\/td><\/tr><tr><td class=\"has-text-align-center\" data-align=\"center\">16\u00ba<\/td><td class=\"has-text-align-center\" data-align=\"center\">C. At. Iberia<\/td><td class=\"has-text-align-center\" data-align=\"center\">17<\/td><td class=\"has-text-align-center\" data-align=\"center\">3<\/td><td class=\"has-text-align-center\" data-align=\"center\">2<\/td><td class=\"has-text-align-center\" data-align=\"center\">12<\/td><td class=\"has-text-align-center\" data-align=\"center\">24<\/td><td class=\"has-text-align-center\" data-align=\"center\">42<\/td><td class=\"has-text-align-center\" data-align=\"center\">-18<\/td><td class=\"has-text-align-center\" data-align=\"center\">11<\/td><\/tr><\/tbody><\/table><\/figure>\n","protected":false},"excerpt":{"rendered":"<p>Segunda Catalana &#8211; Grupo 3 &#8211; 2025\/26 Posici\u00f3n Equipo P G E P GF GC Dif. Ptos 1\u00ba FC Sporting Gav\u00e0 2013 18 13 2 3 43 19 24 41 2\u00ba CF Racing Vallbona 18 11 5 2 41 21 20 38 3\u00ba UD Unificaci\u00f3n Bellvitge 18 10 2 6 37 26 11 32 4\u00ba [&hellip;]<\/p>\n","protected":false},"author":1,"featured_media":922,"parent":0,"menu_order":0,"comment_status":"closed","ping_status":"closed","template":"","meta":{"_eb_attr":"","advanced_seo_description":"","jetpack_seo_html_title":"","jetpack_seo_noindex":false,"jetpack_post_was_ever_published":false,"footnotes":""},"class_list":["post-2301","page","type-page","status-publish","has-post-thumbnail","hentry"],"jetpack_sharing_enabled":true,"jetpack-related-posts":[{"id":1494,"url":"http:\/\/www.bloguecornella.es\/wordpress\/futbol-cornella\/","url_meta":{"origin":2301,"position":0},"title":"F\u00fatbol Cornell\u00e0","author":"bloguecornella","date":"16 de mayo de 2025","format":false,"excerpt":"Enlaces de inter\u00e9s Clasificaci\u00f3n UE Sant Ildefons 25\/26 Clasificaci\u00f3n CD Almeda 25\/26 Clasificaci\u00f3n CD Fontsanta-Fatjo 25\/26 \u00daltimas noticias sobre el f\u00fatbol en Cornell\u00e0 de Llobregat","rel":"","context":"Entrada similar","block_context":{"text":"Entrada similar","link":""},"img":{"alt_text":"","src":"","width":0,"height":0},"classes":[]},{"id":150,"url":"http:\/\/www.bloguecornella.es\/wordpress\/1a-catalana-gr-3-ue-sant-ildefons\/","url_meta":{"origin":2301,"position":1},"title":"1\u00aa Catalana &#8211; UE Sant Ildefons","author":"bloguecornella","date":"16 de septiembre de 2024","format":false,"excerpt":"Clasificaci\u00f3n 1\u00aa Catalana Grupo 3 Temporada 2024\/25 \u00a0 \u00a0 P G E P GF GC Dif. Puntos 1\u00ba Ciudad Cooperativa 28 17 7 4 54 25 29 58 2\u00ba Martorell 28 14 8 6 55 31 24 50 3\u00ba Sant Cugat FC 28 13 9 6 48 31 17 47\u2026","rel":"","context":"Entrada similar","block_context":{"text":"Entrada similar","link":""},"img":{"alt_text":"","src":"https:\/\/i0.wp.com\/www.bloguecornella.es\/wordpress\/wp-content\/uploads\/2025\/02\/Escudo-UE-Sant-Ildefons.jpg?fit=319%2C319&resize=350%2C200","width":350,"height":200},"classes":[]},{"id":373,"url":"http:\/\/www.bloguecornella.es\/wordpress\/historia-ue-sant-ildefons\/","url_meta":{"origin":2301,"position":2},"title":"Historia UE Sant Ildefons","author":"bloguecornella","date":"4 de noviembre de 2024","format":false,"excerpt":"En est\u00e1 p\u00e1gina, se mostrara la historia de la UE Sant Ildefons, desde la temporada 2014\/15 hasta la actualidad. TemporadaCategor\u00edaGrupoPosici\u00f3nPuntos2023\/241\u00aa Catalana33\u00ba542022\/232\u00aa Catalana52\u00ba362021\/221\u00aa Catalana212\u00ba212020\/211\u00aa Catalana38\u00ba172019\/201\u00aa Catalana216\u00ba182018\/191\u00aa Catalana213\u00ba382017\/181\u00aa Catalana2Sin valorSin valor2016\/171\u00aa Catalana28\u00ba482015\/161\u00aa Catalana29\u00ba502014\/151\u00aa Catalana27\u00ba48 Notas: No tengo resultados de la temporada 2017\/18 La temporada 2019\/20 se paro en la Jornada 23 por\u2026","rel":"","context":"Entrada similar","block_context":{"text":"Entrada similar","link":""},"img":{"alt_text":"","src":"","width":0,"height":0},"classes":[]},{"id":155,"url":"http:\/\/www.bloguecornella.es\/wordpress\/3a-catalana-cd-fontsanta-fatjo\/","url_meta":{"origin":2301,"position":3},"title":"3\u00aa Catalana &#8211; CD Fontsanta Fatjo","author":"bloguecornella","date":"16 de septiembre de 2024","format":false,"excerpt":"Clasificaci\u00f3n 3\u00aa Catalana Grupo 12 Temporada 2024-25 \u00a0 \u00a0 P G E P GF GC Dif. Ptos 1\u00ba Corbera 28 22 2 4 75 39 36 68 2\u00ba CFA Espluguenc 28 18 6 4 59 36 23 60 3\u00ba CD Fontsanta-Fatjo 28 17 5 6 65 39 26 56 4\u00ba\u2026","rel":"","context":"Entrada similar","block_context":{"text":"Entrada similar","link":""},"img":{"alt_text":"","src":"https:\/\/i0.wp.com\/www.bloguecornella.es\/wordpress\/wp-content\/uploads\/2025\/02\/Escudo-Fontsanta.jpg?fit=220%2C220&resize=350%2C200","width":350,"height":200},"classes":[]},{"id":2304,"url":"http:\/\/www.bloguecornella.es\/wordpress\/clasificacion-cd-almeda-25-26\/","url_meta":{"origin":2301,"position":4},"title":"Clasificaci\u00f3n CD Almeda 25\/26","author":"bloguecornella","date":"19 de agosto de 2025","format":false,"excerpt":"Tercera Catalana - Grupo 9 - 2025\/26 Posici\u00f3nEquipoPGEPGFGCDif.Ptos1\u00baUE Sants \"B\"181224472720382\u00baCE Codolar181224351817383\u00baCD Almeda18963331617334\u00baSan Lorenzo Catalunya18963312011335\u00baFC Deportivo Paraguay17102536333326\u00baCF Vilomara1784537316287\u00baCE Congres1891827252288\u00baCF Chacarita18675302010259\u00baCF Bufala18747282642510\u00baCD Trinidad187472426-22511\u00baFC Azul y Oro18666292902412\u00baFC Inspire Soccer186572627-12313\u00baCD Sant Genis-Penitentes1835102142-211414\u00baCE Canyelles \"B\"182792238-161315\u00baAE Young Talent Badalona Sud1824122141-201016\u00baCF Lloreda \"B\"1805131746-295","rel":"","context":"Entrada similar","block_context":{"text":"Entrada similar","link":""},"img":{"alt_text":"","src":"https:\/\/i0.wp.com\/www.bloguecornella.es\/wordpress\/wp-content\/uploads\/2025\/02\/Escudo-Almeda.png?fit=200%2C200&resize=350%2C200","width":350,"height":200},"classes":[]},{"id":1303,"url":"http:\/\/www.bloguecornella.es\/wordpress\/ue-cornella-juvenil-a-division-honor-grupo-3\/","url_meta":{"origin":2301,"position":5},"title":"UE Cornell\u00e0 &#8211; Juvenil A","author":"bloguecornella","date":"5 de mayo de 2025","format":false,"excerpt":"\u00daltimas noticias sobre el Juvenil A de la UE Cornell\u00e0 masculino. Enlaces de inter\u00e9s Calendario Temporada 2025\/26 Clasificaci\u00f3n Juvenil Divisi\u00f3n Honor 2025\/26 Historia Juvenil A - UE Cornell\u00e0 Clasificaci\u00f3n Divisi\u00f3n Honor Juvenil - Grupo 3 Temporada 2025\/26\u00a0","rel":"","context":"Entrada similar","block_context":{"text":"Entrada similar","link":""},"img":{"alt_text":"","src":"","width":0,"height":0},"classes":[]}],"_links":{"self":[{"href":"http:\/\/www.bloguecornella.es\/wordpress\/wp-json\/wp\/v2\/pages\/2301","targetHints":{"allow":["GET"]}}],"collection":[{"href":"http:\/\/www.bloguecornella.es\/wordpress\/wp-json\/wp\/v2\/pages"}],"about":[{"href":"http:\/\/www.bloguecornella.es\/wordpress\/wp-json\/wp\/v2\/types\/page"}],"author":[{"embeddable":true,"href":"http:\/\/www.bloguecornella.es\/wordpress\/wp-json\/wp\/v2\/users\/1"}],"replies":[{"embeddable":true,"href":"http:\/\/www.bloguecornella.es\/wordpress\/wp-json\/wp\/v2\/comments?post=2301"}],"version-history":[{"count":26,"href":"http:\/\/www.bloguecornella.es\/wordpress\/wp-json\/wp\/v2\/pages\/2301\/revisions"}],"predecessor-version":[{"id":3862,"href":"http:\/\/www.bloguecornella.es\/wordpress\/wp-json\/wp\/v2\/pages\/2301\/revisions\/3862"}],"wp:featuredmedia":[{"embeddable":true,"href":"http:\/\/www.bloguecornella.es\/wordpress\/wp-json\/wp\/v2\/media\/922"}],"wp:attachment":[{"href":"http:\/\/www.bloguecornella.es\/wordpress\/wp-json\/wp\/v2\/media?parent=2301"}],"curies":[{"name":"wp","href":"https:\/\/api.w.org\/{rel}","templated":true}]}}