{"id":1515,"date":"2025-05-19T10:36:04","date_gmt":"2025-05-19T08:36:04","guid":{"rendered":"http:\/\/www.bloguecornella.es\/wordpress\/?page_id=1515"},"modified":"2025-05-19T10:36:04","modified_gmt":"2025-05-19T08:36:04","slug":"historia-juvenil-a-ue-cornella","status":"publish","type":"page","link":"http:\/\/www.bloguecornella.es\/wordpress\/historia-juvenil-a-ue-cornella\/","title":{"rendered":"Historia Juvenil A &#8211; UE Cornell\u00e0"},"content":{"rendered":"\n<p>En est\u00e1 p\u00e1gina, mostraremos la historia del Juvenil A Masculino. Actualmente, suma 23 temporadas consecutivas en la m\u00e1xima categor\u00eda de la Divisi\u00f3n de Honor Juvenil.<\/p>\n\n\n\n<p><strong>Trayectoria resumida<\/strong><\/p>\n\n\n\n<figure class=\"wp-block-table is-style-stripes has-small-font-size\" style=\"margin-top:var(--wp--preset--spacing--40);margin-right:0;margin-bottom:var(--wp--preset--spacing--40);margin-left:0\"><table class=\"has-border-color has-contrast-border-color has-fixed-layout\" style=\"border-width:3px\"><thead><tr><th>Categor\u00eda<\/th><th>Temporadas<\/th><\/tr><\/thead><tbody><tr><td>Divisi\u00f3n Honor Juvenil<\/td><td>24<\/td><\/tr><tr><td>Liga Nacional Juvenil<\/td><td>2<\/td><\/tr><\/tbody><\/table><\/figure>\n\n\n\n<p><strong>Trayectoria detallada<\/strong><\/p>\n\n\n\n<figure class=\"wp-block-table is-style-stripes has-small-font-size\" style=\"padding-top:var(--wp--preset--spacing--30);padding-bottom:var(--wp--preset--spacing--30)\"><table class=\"has-border-color has-contrast-border-color has-fixed-layout\" style=\"border-width:3px\"><thead><tr><th>Temporada<\/th><th>Categor\u00eda<\/th><th>Grupo<\/th><th>Posici\u00f3n<\/th><th>Puntos<\/th><\/tr><\/thead><tbody><tr><td><em>2025\/26<\/em><\/td><td><em>Divisi\u00f3n Honor Juvenil<\/em><\/td><td>3<\/td><td>Pdte.<\/td><td><em>0<\/em><\/td><\/tr><tr><td>2024\/25<\/td><td>Divisi\u00f3n Honor Juvenil<\/td><td>3<\/td><td>12\u00ba<\/td><td>31<\/td><\/tr><tr><td>2023\/24<\/td><td>Divisi\u00f3n Honor Juvenil<\/td><td>3<\/td><td>11\u00ba<\/td><td>35<\/td><\/tr><tr><td>2022\/23<\/td><td>Divisi\u00f3n Honor Juvenil<\/td><td>3<\/td><td>9\u00ba<\/td><td>40<\/td><\/tr><tr><td>2021\/22<\/td><td>Divisi\u00f3n Honor Juvenil<\/td><td>3<\/td><td>6\u00ba<\/td><td>51<\/td><\/tr><tr><td>2020\/21<\/td><td>Divisi\u00f3n Honor Juvenil<\/td><td>3<\/td><td>8\u00ba<\/td><td>20<\/td><\/tr><tr><td>2019\/20<\/td><td>Divisi\u00f3n Honor Juvenil<\/td><td>3<\/td><td>6\u00ba<\/td><td>39 (Suspendido J25)<\/td><\/tr><tr><td>2018\/19<\/td><td>Divisi\u00f3n Honor Juvenil<\/td><td>3<\/td><td>4\u00ba<\/td><td>51<\/td><\/tr><tr><td>2017\/18<\/td><td>Divisi\u00f3n Honor Juvenil<\/td><td>3<\/td><td>7\u00ba<\/td><td>46<\/td><\/tr><tr><td>2016\/17<\/td><td>Divisi\u00f3n Honor Juvenil<\/td><td>3<\/td><td>4\u00ba<\/td><td>53<\/td><\/tr><tr><td>2015\/16<\/td><td>Divisi\u00f3n Honor Juvenil<\/td><td>3<\/td><td>9\u00ba<\/td><td>37<\/td><\/tr><tr><td>2014\/15<\/td><td>Divisi\u00f3n Honor Juvenil<\/td><td>3<\/td><td>7\u00ba<\/td><td>45<\/td><\/tr><tr><td>2013\/14<\/td><td>Divisi\u00f3n Honor Juvenil<\/td><td>3<\/td><td>8\u00ba<\/td><td>45<\/td><\/tr><tr><td>2012\/13<\/td><td>Divisi\u00f3n Honor Juvenil<\/td><td>3<\/td><td>8\u00ba<\/td><td>45<\/td><\/tr><tr><td>2011\/12<\/td><td>Divisi\u00f3n Honor Juvenil<\/td><td>3<\/td><td>5\u00ba<\/td><td>47<\/td><\/tr><tr><td>2010\/11<\/td><td>Divisi\u00f3n Honor Juvenil<\/td><td>3<\/td><td>5\u00ba<\/td><td>48<\/td><\/tr><tr><td>2009\/10<\/td><td>Divisi\u00f3n Honor Juvenil<\/td><td>3<\/td><td>3\u00ba<\/td><td>66<\/td><\/tr><tr><td>2008\/09<\/td><td>Divisi\u00f3n Honor Juvenil<\/td><td>3<\/td><td>4\u00ba<\/td><td>51<\/td><\/tr><tr><td>2007\/08<\/td><td>Divisi\u00f3n Honor Juvenil<\/td><td>3<\/td><td>6\u00ba<\/td><td>45<\/td><\/tr><tr><td>2006\/07<\/td><td>Divisi\u00f3n Honor Juvenil<\/td><td>3<\/td><td>7\u00ba<\/td><td>46<\/td><\/tr><tr><td>2005\/06<\/td><td>Divisi\u00f3n Honor Juvenil<\/td><td>3<\/td><td>12\u00ba<\/td><td>32<\/td><\/tr><tr><td>2004\/05<\/td><td>Divisi\u00f3n Honor Juvenil<\/td><td>3<\/td><td>8\u00ba<\/td><td>38<\/td><\/tr><tr><td>2003\/04<\/td><td>Divisi\u00f3n Honor Juvenil<\/td><td>3<\/td><td>5\u00ba<\/td><td>44<\/td><\/tr><tr><td>2002\/03<\/td><td>Liga Nacional<\/td><td>Sin Datos<\/td><td>Sin Datos<\/td><td>Sin Datos<\/td><\/tr><tr><td>2001\/02<\/td><td>Divisi\u00f3n Honor Juvenil<\/td><td>3<\/td><td>15\u00ba<\/td><td>23<\/td><\/tr><tr><td>2000\/01<\/td><td>Liga Nacional<\/td><td>Sin Datos<\/td><td>Sin Datos<\/td><td>Sin Datos<\/td><\/tr><\/tbody><\/table><\/figure>\n","protected":false},"excerpt":{"rendered":"<p>En est\u00e1 p\u00e1gina, mostraremos la historia del Juvenil A Masculino. Actualmente, suma 23 temporadas consecutivas en la m\u00e1xima categor\u00eda de la Divisi\u00f3n de Honor Juvenil. Trayectoria resumida Categor\u00eda Temporadas Divisi\u00f3n Honor Juvenil 24 Liga Nacional Juvenil 2 Trayectoria detallada Temporada Categor\u00eda Grupo Posici\u00f3n Puntos 2025\/26 Divisi\u00f3n Honor Juvenil 3 Pdte. 0 2024\/25 Divisi\u00f3n Honor Juvenil [&hellip;]<\/p>\n","protected":false},"author":1,"featured_media":0,"parent":0,"menu_order":0,"comment_status":"closed","ping_status":"closed","template":"","meta":{"_eb_attr":"","advanced_seo_description":"","jetpack_seo_html_title":"","jetpack_seo_noindex":false,"jetpack_post_was_ever_published":false,"footnotes":""},"class_list":["post-1515","page","type-page","status-publish","hentry"],"jetpack_sharing_enabled":true,"jetpack-related-posts":[{"id":1303,"url":"http:\/\/www.bloguecornella.es\/wordpress\/ue-cornella-juvenil-a-division-honor-grupo-3\/","url_meta":{"origin":1515,"position":0},"title":"UE Cornell\u00e0 &#8211; Juvenil A","author":"bloguecornella","date":"5 de mayo de 2025","format":false,"excerpt":"\u00daltimas noticias sobre el Juvenil A de la UE Cornell\u00e0 masculino. Enlaces de inter\u00e9s Calendario Temporada 2025\/26 Clasificaci\u00f3n Juvenil Divisi\u00f3n Honor 2025\/26 Historia Juvenil A - UE Cornell\u00e0 Clasificaci\u00f3n Divisi\u00f3n Honor Juvenil - Grupo 3 Temporada 2025\/26\u00a0","rel":"","context":"Entrada similar","block_context":{"text":"Entrada similar","link":""},"img":{"alt_text":"","src":"","width":0,"height":0},"classes":[]},{"id":1537,"url":"http:\/\/www.bloguecornella.es\/wordpress\/calendario-25-26-juvenil-a-ue-cornella\/","url_meta":{"origin":1515,"position":1},"title":"Calendario 25\/26 &#8211; Juvenil A UE Cornell\u00e0","author":"bloguecornella","date":"20 de mayo de 2025","format":false,"excerpt":"","rel":"","context":"Entrada similar","block_context":{"text":"Entrada similar","link":""},"img":{"alt_text":"","src":"https:\/\/i0.wp.com\/www.bloguecornella.es\/wordpress\/wp-content\/uploads\/2025\/07\/Escudo-Division-Honor-Juvenil.png?fit=640%2C640&resize=350%2C200","width":350,"height":200,"srcset":"https:\/\/i0.wp.com\/www.bloguecornella.es\/wordpress\/wp-content\/uploads\/2025\/07\/Escudo-Division-Honor-Juvenil.png?fit=640%2C640&resize=350%2C200 1x, https:\/\/i0.wp.com\/www.bloguecornella.es\/wordpress\/wp-content\/uploads\/2025\/07\/Escudo-Division-Honor-Juvenil.png?fit=640%2C640&resize=525%2C300 1.5x"},"classes":[]},{"id":1635,"url":"http:\/\/www.bloguecornella.es\/wordpress\/mercado-3a-federacion-fem-25-26\/","url_meta":{"origin":1515,"position":2},"title":"Mercado 3\u00aa Federaci\u00f3n Fem 25\/26","author":"bloguecornella","date":"8 de junio de 2025","format":false,"excerpt":"Actualizado a fecha 25\/07\/2025 EquipoRenovacionesBajasAltasFundaci\u00f3 UE Cornell\u00e0(11 Renovaciones, 6 bajas, 4 Fichajes)Jose Gonz\u00e1lez (Entrenador), Marta Alegre, Paula L\u00f3pez, Carla Mu\u00f1oz, Andrea Crespo, Joana Marcer (Juvenil), Laura Mas, Sepha Vercammen, Judit Garnica \u201cGarni\u201d, Saray Bocardo, Nuria Domenech (Juvenil), Emma Pelegrini (Juvenil)Gracia Mariner, Daniela Oppitz, Aina Sararols, Ariadna Ramos, Aina Vall, Maria\u2026","rel":"","context":"Entrada similar","block_context":{"text":"Entrada similar","link":""},"img":{"alt_text":"","src":"","width":0,"height":0},"classes":[]},{"id":1621,"url":"http:\/\/www.bloguecornella.es\/wordpress\/mercado-3a-federacion-25-26\/","url_meta":{"origin":1515,"position":3},"title":"Mercado 3\u00aa Federaci\u00f3n 25\/26","author":"bloguecornella","date":"6 de junio de 2025","format":false,"excerpt":"Actualizado a fecha 16\/07\/2025 EquipoRenovacionesBajasAltasCE L'Hospitalet(8 Renovaciones, 15 bajas, 13 fichajes)Max Rodriguez, Josep Serrano, Ruben Cruz, Adria Aliaga, Ramon Marimon, Joel Laso, Vitalie Penetelei, Pol BallesterosMamau Jabbie, Adri Diaz, Izan Maldonado, Ton Alcover, Sanku Jabbie, Jose Canario, Jorge Carreron, Sehou Sarr, Steve Aldo One, Damian Navarro, Lucas Pariente, Nil Valero,\u2026","rel":"","context":"Entrada similar","block_context":{"text":"Entrada similar","link":""},"img":{"alt_text":"","src":"https:\/\/i0.wp.com\/www.bloguecornella.es\/wordpress\/wp-content\/uploads\/2025\/06\/Logo-3a-Federacion-sin-bgr.png?fit=567%2C597&resize=350%2C200","width":350,"height":200,"srcset":"https:\/\/i0.wp.com\/www.bloguecornella.es\/wordpress\/wp-content\/uploads\/2025\/06\/Logo-3a-Federacion-sin-bgr.png?fit=567%2C597&resize=350%2C200 1x, https:\/\/i0.wp.com\/www.bloguecornella.es\/wordpress\/wp-content\/uploads\/2025\/06\/Logo-3a-Federacion-sin-bgr.png?fit=567%2C597&resize=525%2C300 1.5x"},"classes":[]},{"id":1169,"url":"http:\/\/www.bloguecornella.es\/wordpress\/sandefjord-historia\/","url_meta":{"origin":1515,"position":4},"title":"Sandefjord &#8211; Historia","author":"bloguecornella","date":"24 de marzo de 2025","format":false,"excerpt":"","rel":"","context":"Entrada similar","block_context":{"text":"Entrada similar","link":""},"img":{"alt_text":"","src":"","width":0,"height":0},"classes":[]},{"id":278,"url":"http:\/\/www.bloguecornella.es\/wordpress\/historia-copa-del-rey\/","url_meta":{"origin":1515,"position":5},"title":"Historia Copa del Rey","author":"bloguecornella","date":"4 de noviembre de 2024","format":false,"excerpt":"En construcci\u00f3n.","rel":"","context":"Entrada similar","block_context":{"text":"Entrada similar","link":""},"img":{"alt_text":"","src":"","width":0,"height":0},"classes":[]}],"_links":{"self":[{"href":"http:\/\/www.bloguecornella.es\/wordpress\/wp-json\/wp\/v2\/pages\/1515","targetHints":{"allow":["GET"]}}],"collection":[{"href":"http:\/\/www.bloguecornella.es\/wordpress\/wp-json\/wp\/v2\/pages"}],"about":[{"href":"http:\/\/www.bloguecornella.es\/wordpress\/wp-json\/wp\/v2\/types\/page"}],"author":[{"embeddable":true,"href":"http:\/\/www.bloguecornella.es\/wordpress\/wp-json\/wp\/v2\/users\/1"}],"replies":[{"embeddable":true,"href":"http:\/\/www.bloguecornella.es\/wordpress\/wp-json\/wp\/v2\/comments?post=1515"}],"version-history":[{"count":1,"href":"http:\/\/www.bloguecornella.es\/wordpress\/wp-json\/wp\/v2\/pages\/1515\/revisions"}],"predecessor-version":[{"id":1516,"href":"http:\/\/www.bloguecornella.es\/wordpress\/wp-json\/wp\/v2\/pages\/1515\/revisions\/1516"}],"wp:attachment":[{"href":"http:\/\/www.bloguecornella.es\/wordpress\/wp-json\/wp\/v2\/media?parent=1515"}],"curies":[{"name":"wp","href":"https:\/\/api.w.org\/{rel}","templated":true}]}}