{"id":1486,"date":"2025-05-12T09:45:50","date_gmt":"2025-05-12T07:45:50","guid":{"rendered":"http:\/\/www.bloguecornella.es\/wordpress\/?page_id=1486"},"modified":"2025-11-12T15:24:34","modified_gmt":"2025-11-12T14:24:34","slug":"historia-fundacio-ue-cornella-femenino","status":"publish","type":"page","link":"http:\/\/www.bloguecornella.es\/wordpress\/historia-fundacio-ue-cornella-femenino\/","title":{"rendered":"Historia Fundaci\u00f3 UE Cornell\u00e0 &#8211; Femenino"},"content":{"rendered":"\n<p>En est\u00e1 p\u00e1gina, mostraremos la historia m\u00e1s reciente de la Fundaci\u00f3 UE Cornell\u00e0, en su secci\u00f3n femenina amateur. Desde su fundaci\u00f3n en la temporada 2017, el crecimiento ha sido mete\u00f3rico, hasta asentarse en competici\u00f3n nacional desde la 2022\/23.<\/p>\n\n\n\n<p><strong>Trayectoria resumida<\/strong><\/p>\n\n\n\n<figure class=\"wp-block-table is-style-stripes has-small-font-size\" style=\"margin-top:var(--wp--preset--spacing--40);margin-right:0;margin-bottom:var(--wp--preset--spacing--40);margin-left:0\"><table class=\"has-border-color has-contrast-border-color has-fixed-layout\" style=\"border-width:3px\"><thead><tr><th>Categor\u00eda<\/th><th>Temporadas<\/th><\/tr><\/thead><tbody><tr><td>1\u00aa Divisi\u00f3n (Liga F)<\/td><td>0<\/td><\/tr><tr><td>Primera Federaci\u00f3n<\/td><td>0<\/td><\/tr><tr><td>Segunda Federaci\u00f3n<\/td><td>1<\/td><\/tr><tr><td>Tercera Federaci\u00f3n<\/td><td>3<\/td><\/tr><tr><td>Preferente Catalana<\/td><td>3<\/td><\/tr><tr><td>Primera Catalana<\/td><td>2<\/td><\/tr><\/tbody><\/table><\/figure>\n\n\n\n<p><strong>Trayectoria detallada<\/strong><\/p>\n\n\n\n<figure class=\"wp-block-table is-style-stripes has-small-font-size\" style=\"padding-top:var(--wp--preset--spacing--30);padding-bottom:var(--wp--preset--spacing--30)\"><table class=\"has-border-color has-contrast-border-color has-fixed-layout\" style=\"border-width:3px\"><thead><tr><th>Temporada<\/th><th>Categor\u00eda<\/th><th>Grupo<\/th><th>Posici\u00f3n<\/th><th>Puntos<\/th><\/tr><\/thead><tbody><tr><td><em>2025\/26<\/em><\/td><td><em>3\u00aa Federaci\u00f3n<\/em><\/td><td><em>5<\/em><\/td><td><em>5\u00ba<\/em><\/td><td><em>12<\/em><\/td><\/tr><tr><td>2024\/25<\/td><td>2\u00aa Federaci\u00f3n<\/td><td>1<\/td><td>16\u00ba<\/td><td>21<\/td><\/tr><tr><td>2023\/24<\/td><td>3\u00aa Federaci\u00f3n<\/td><td>3<\/td><td>1\u00ba<\/td><td>66<\/td><\/tr><tr><td>2022\/23<\/td><td>3\u00aa Federaci\u00f3n<\/td><td>3<\/td><td>8\u00ba<\/td><td>49<\/td><\/tr><tr><td>2021\/22<\/td><td>Preferente Catalana<\/td><td>1\u00aa Fase &#8211; A<br>Fase Ascenso<\/td><td>1\u00ba<br>1\u00ba<\/td><td>49<br>25<\/td><\/tr><tr><td>2020\/21<\/td><td>Preferente Catalana<\/td><td>1<\/td><td>3\u00ba<\/td><td>38 (Solo se disputo 17 J)<\/td><\/tr><tr><td>2019\/20<\/td><td>Preferente Catalana<\/td><td>1<\/td><td>9\u00ba<\/td><td>21 (Suspendido J21)<\/td><\/tr><tr><td>2018\/19<\/td><td>Primera Catalana<\/td><td>1<\/td><td>2\u00ba<\/td><td>77<\/td><\/tr><tr><td>2017\/18<\/td><td>Primera Catalana<\/td><td>1<\/td><td>5\u00ba<\/td><td>53<\/td><\/tr><\/tbody><\/table><\/figure>\n","protected":false},"excerpt":{"rendered":"<p>En est\u00e1 p\u00e1gina, mostraremos la historia m\u00e1s reciente de la Fundaci\u00f3 UE Cornell\u00e0, en su secci\u00f3n femenina amateur. Desde su fundaci\u00f3n en la temporada 2017, el crecimiento ha sido mete\u00f3rico, hasta asentarse en competici\u00f3n nacional desde la 2022\/23. Trayectoria resumida Categor\u00eda Temporadas 1\u00aa Divisi\u00f3n (Liga F) 0 Primera Federaci\u00f3n 0 Segunda Federaci\u00f3n 1 Tercera Federaci\u00f3n [&hellip;]<\/p>\n","protected":false},"author":1,"featured_media":1491,"parent":0,"menu_order":0,"comment_status":"closed","ping_status":"closed","template":"","meta":{"_eb_attr":"","advanced_seo_description":"","jetpack_seo_html_title":"","jetpack_seo_noindex":false,"jetpack_post_was_ever_published":false,"footnotes":""},"class_list":["post-1486","page","type-page","status-publish","has-post-thumbnail","hentry"],"jetpack_sharing_enabled":true,"jetpack-related-posts":[{"id":1323,"url":"http:\/\/www.bloguecornella.es\/wordpress\/bio-fundacio-uec-fem\/","url_meta":{"origin":1486,"position":0},"title":"Fundaci\u00f3 UE Cornell\u00e0 &#8211; 3\u00aa Fed Fem Grupo 5","author":"bloguecornella","date":"4 de mayo de 2025","format":false,"excerpt":"\u00daltimas noticias Fundaci\u00f3 UE Cornell\u00e0 Femenina Pr\u00f3ximos encuentros \u00daltimos encuentros Enlaces de Inter\u00e9s Calendario Temporada 2025\/26 Historia Fundaci\u00f3 UE Cornell\u00e0 Clasificaci\u00f3n Tercera Federaci\u00f3n Femenina - Grupo V - 2025\/26","rel":"","context":"Entrada similar","block_context":{"text":"Entrada similar","link":""},"img":{"alt_text":"","src":"","width":0,"height":0},"classes":[]},{"id":506,"url":"http:\/\/www.bloguecornella.es\/wordpress\/2-federacion-fundacio-ue-cornella-femenino\/","url_meta":{"origin":1486,"position":1},"title":"2 Federaci\u00f3n &#8211; Fundaci\u00f3 UE Cornella Femenino","author":"bloguecornella","date":"26 de noviembre de 2024","format":false,"excerpt":"Clasificaci\u00f3n 2\u00aa Federaci\u00f3n Femenina Grupo 1 2024\/25 Comunidad Aut\u00f3nomaPGEPGFGCDif.Ptos1\u00baCE EuropaCatalunya302064551936662\u00baReal OviedoAsturias301974551441643\u00baAthletic Club BEuskadi301794451924604\u00baReal Sociedad BEuskadi3015105502228555\u00baRacing SantanderCantabria30139839318486\u00baAtl\u00e9tico VillalongaGalicia3012810483810447\u00baEibar BEuskadi301010104143-2408\u00baRayo Vallecano Madrid30108123435-1389\u00baReal AvilesGalicia30910112933-43610\u00baAtl\u00e9tico Madrid CMadrid3071493339-63511\u00baHuescaArag\u00f3n3089132538-133312\u00baReal Sporting Gij\u00f3nAsturias3094174164-233113\u00baZaragoza CFFArag\u00f3n3087153149-183114\u00baCA Osasuna BNavarra3077153652-162815\u00baPradejonLa Rioja3058172245-232316\u00baFundaci\u00f3 UE CornellaCatalunya3056183377-4421 Campeona de liga y ascenso a Primera Federaci\u00f3n: CE Europa. Play-off ascenso a Primera Federaci\u00f3n: Real Oviedo. Participaci\u00f3n en\u2026","rel":"","context":"Entrada similar","block_context":{"text":"Entrada similar","link":""},"img":{"alt_text":"","src":"https:\/\/i0.wp.com\/www.bloguecornella.es\/wordpress\/wp-content\/uploads\/2025\/02\/Fundacio-UE-Cornella.png?fit=377%2C472&resize=350%2C200","width":350,"height":200},"classes":[]},{"id":1520,"url":"http:\/\/www.bloguecornella.es\/wordpress\/calendario-25-26-fundacio-ue-cornella\/","url_meta":{"origin":1486,"position":2},"title":"Calendario 25\/26 &#8211; Fundaci\u00f3 UE Cornell\u00e0","author":"bloguecornella","date":"19 de mayo de 2025","format":false,"excerpt":"","rel":"","context":"Entrada similar","block_context":{"text":"Entrada similar","link":""},"img":{"alt_text":"","src":"","width":0,"height":0},"classes":[]},{"id":1533,"url":"http:\/\/www.bloguecornella.es\/wordpress\/calendario-25-26-ue-cornella\/","url_meta":{"origin":1486,"position":3},"title":"Calendario 25\/26 &#8211; UE Cornell\u00e0","author":"bloguecornella","date":"20 de mayo de 2025","format":false,"excerpt":"Mostramos el calendario del equipo masculino de la UE Cornell\u00e0, en esta temporada 2025\/26. El equipo compite en la Tercera Federaci\u00f3n - Grupo 5. PONER EN HORIZONTAL SI ESTAIS EN VERSION MOBIL JornadaFechaHoraEquipo LocalGoles LocalGoles VisitanteEquipo VisitanteRetransmisi\u00f3n v\u00eda Twitch107\/09\/2025Por DeterminarUE VicUE Cornell\u00e0214\/09\/2025Por DeterminarUE Cornell\u00e0CF Peralada321\/09\/2025Por DeterminarCerdanyola del Valles CFUE Cornell\u00e0428\/09\/2025Por\u2026","rel":"","context":"Entrada similar","block_context":{"text":"Entrada similar","link":""},"img":{"alt_text":"","src":"","width":0,"height":0},"classes":[]},{"id":1303,"url":"http:\/\/www.bloguecornella.es\/wordpress\/ue-cornella-juvenil-a-division-honor-grupo-3\/","url_meta":{"origin":1486,"position":4},"title":"UE Cornell\u00e0 &#8211; Juvenil A","author":"bloguecornella","date":"5 de mayo de 2025","format":false,"excerpt":"\u00daltimas noticias sobre el Juvenil A de la UE Cornell\u00e0 masculino. Enlaces de inter\u00e9s Calendario Temporada 2025\/26 Clasificaci\u00f3n Juvenil Divisi\u00f3n Honor 2025\/26 Historia Juvenil A - UE Cornell\u00e0 Clasificaci\u00f3n Divisi\u00f3n Honor Juvenil - Grupo 3 Temporada 2025\/26\u00a0","rel":"","context":"Entrada similar","block_context":{"text":"Entrada similar","link":""},"img":{"alt_text":"","src":"","width":0,"height":0},"classes":[]},{"id":1373,"url":"http:\/\/www.bloguecornella.es\/wordpress\/ue-cornella-25-26-tercera-federacion-grupo-5\/","url_meta":{"origin":1486,"position":5},"title":"UE Cornell\u00e0 &#8211; Primer equipo","author":"bloguecornella","date":"5 de mayo de 2025","format":false,"excerpt":"\u00daltimas noticias sobre la UE Cornell\u00e0 Pr\u00f3ximos partidos \u00daltimos resultados Enlaces de inter\u00e9s Calendario Temporada 25\/26 Historia UE Cornell\u00e0 Clasificaci\u00f3n Tercera Federaci\u00f3n - Grupo V - 2025\/26","rel":"","context":"Entrada similar","block_context":{"text":"Entrada similar","link":""},"img":{"alt_text":"","src":"","width":0,"height":0},"classes":[]}],"_links":{"self":[{"href":"http:\/\/www.bloguecornella.es\/wordpress\/wp-json\/wp\/v2\/pages\/1486","targetHints":{"allow":["GET"]}}],"collection":[{"href":"http:\/\/www.bloguecornella.es\/wordpress\/wp-json\/wp\/v2\/pages"}],"about":[{"href":"http:\/\/www.bloguecornella.es\/wordpress\/wp-json\/wp\/v2\/types\/page"}],"author":[{"embeddable":true,"href":"http:\/\/www.bloguecornella.es\/wordpress\/wp-json\/wp\/v2\/users\/1"}],"replies":[{"embeddable":true,"href":"http:\/\/www.bloguecornella.es\/wordpress\/wp-json\/wp\/v2\/comments?post=1486"}],"version-history":[{"count":2,"href":"http:\/\/www.bloguecornella.es\/wordpress\/wp-json\/wp\/v2\/pages\/1486\/revisions"}],"predecessor-version":[{"id":3038,"href":"http:\/\/www.bloguecornella.es\/wordpress\/wp-json\/wp\/v2\/pages\/1486\/revisions\/3038"}],"wp:featuredmedia":[{"embeddable":true,"href":"http:\/\/www.bloguecornella.es\/wordpress\/wp-json\/wp\/v2\/media\/1491"}],"wp:attachment":[{"href":"http:\/\/www.bloguecornella.es\/wordpress\/wp-json\/wp\/v2\/media?parent=1486"}],"curies":[{"name":"wp","href":"https:\/\/api.w.org\/{rel}","templated":true}]}}