{"id":1167,"date":"2025-03-24T17:36:48","date_gmt":"2025-03-24T16:36:48","guid":{"rendered":"http:\/\/www.bloguecornella.es\/wordpress\/?page_id=1167"},"modified":"2025-05-26T23:03:15","modified_gmt":"2025-05-26T21:03:15","slug":"sandefjord-fc","status":"publish","type":"page","link":"http:\/\/www.bloguecornella.es\/wordpress\/sandefjord-fc\/","title":{"rendered":"Sandefjord &#8211; Eliteserien 2025"},"content":{"rendered":"\n<p>P\u00e1gina, donde encontrareis informaci\u00f3n del Sandefjord FC, conjunto noruego al que se le hace seguimiento desde la temporada 2025.<\/p>\n\n\n\n<div class=\"wp-block-columns is-layout-flex wp-container-core-columns-is-layout-28f84493 wp-block-columns-is-layout-flex\">\n<div class=\"wp-block-column is-layout-flow wp-block-column-is-layout-flow\" style=\"flex-basis:66.66%\"><ul class=\"wp-block-latest-posts__list is-grid columns-3 has-dates has-author wp-block-latest-posts\"><li><div class=\"wp-block-latest-posts__featured-image\"><img loading=\"lazy\" decoding=\"async\" width=\"940\" height=\"529\" src=\"https:\/\/i0.wp.com\/www.bloguecornella.es\/wordpress\/wp-content\/uploads\/2025\/10\/J26.png?fit=940%2C529\" class=\"attachment-large size-large wp-post-image\" alt=\"\" style=\"\" srcset=\"https:\/\/i0.wp.com\/www.bloguecornella.es\/wordpress\/wp-content\/uploads\/2025\/10\/J26.png?w=940 940w, https:\/\/i0.wp.com\/www.bloguecornella.es\/wordpress\/wp-content\/uploads\/2025\/10\/J26.png?resize=300%2C169 300w, https:\/\/i0.wp.com\/www.bloguecornella.es\/wordpress\/wp-content\/uploads\/2025\/10\/J26.png?resize=768%2C432 768w, https:\/\/i0.wp.com\/www.bloguecornella.es\/wordpress\/wp-content\/uploads\/2025\/10\/J26.png?resize=128%2C72 128w, https:\/\/i0.wp.com\/www.bloguecornella.es\/wordpress\/wp-content\/uploads\/2025\/10\/J26.png?resize=32%2C18 32w\" sizes=\"auto, (max-width: 940px) 100vw, 940px\" \/><\/div><a class=\"wp-block-latest-posts__post-title\" href=\"http:\/\/www.bloguecornella.es\/wordpress\/2025\/10\/25\/previa-capitulo-26-eliteserien-sandefjord-fc-fredrikstad-igualar-a-la-historia-y-seguir-sonando\/\">Previa Cap\u00edtulo 26 Eliteserien: Sandefjord FC &#8211; Fredrikstad \u00abIgualar a la historia y seguir so\u00f1ando\u00bb<\/a><div class=\"wp-block-latest-posts__post-author\">por bloguecornella<\/div><time datetime=\"2025-10-25T13:00:00+02:00\" class=\"wp-block-latest-posts__post-date\">25 de octubre de 2025<\/time><div class=\"wp-block-latest-posts__post-excerpt\">Spanish edition: Quedan cinco jornadas para finalizar el campeonato, y si hablamos hace tres semanas de que el Sandefjord tenia una opci\u00f3n, muy remota, de poder conseguir entrar en la Conference League, ahora, se puede convertir en un opci\u00f3n m\u00e1s que realista. Se encuentra a ocho puntos del Troms\u00f8 IL, con un partido menos, el&#8230; <a class=\"wp-block-latest-posts__read-more\" href=\"http:\/\/www.bloguecornella.es\/wordpress\/2025\/10\/25\/previa-capitulo-26-eliteserien-sandefjord-fc-fredrikstad-igualar-a-la-historia-y-seguir-sonando\/\" rel=\"noopener noreferrer\">Lee m\u00e1s<span class=\"screen-reader-text\">: Previa Cap\u00edtulo 26 Eliteserien: Sandefjord FC &#8211; Fredrikstad \u00abIgualar a la historia y seguir so\u00f1ando\u00bb<\/span><\/a><\/div><\/li>\n<li><div class=\"wp-block-latest-posts__featured-image\"><img loading=\"lazy\" decoding=\"async\" width=\"940\" height=\"529\" src=\"https:\/\/i0.wp.com\/www.bloguecornella.es\/wordpress\/wp-content\/uploads\/2025\/10\/J24.png?fit=940%2C529\" class=\"attachment-large size-large wp-post-image\" alt=\"\" style=\"\" srcset=\"https:\/\/i0.wp.com\/www.bloguecornella.es\/wordpress\/wp-content\/uploads\/2025\/10\/J24.png?w=940 940w, https:\/\/i0.wp.com\/www.bloguecornella.es\/wordpress\/wp-content\/uploads\/2025\/10\/J24.png?resize=300%2C169 300w, https:\/\/i0.wp.com\/www.bloguecornella.es\/wordpress\/wp-content\/uploads\/2025\/10\/J24.png?resize=768%2C432 768w, https:\/\/i0.wp.com\/www.bloguecornella.es\/wordpress\/wp-content\/uploads\/2025\/10\/J24.png?resize=128%2C72 128w, https:\/\/i0.wp.com\/www.bloguecornella.es\/wordpress\/wp-content\/uploads\/2025\/10\/J24.png?resize=32%2C18 32w\" sizes=\"auto, (max-width: 940px) 100vw, 940px\" \/><\/div><a class=\"wp-block-latest-posts__post-title\" href=\"http:\/\/www.bloguecornella.es\/wordpress\/2025\/10\/04\/previa-jornada-24-sandefjord-fc-fk-bryne-victoria-para-seguir-haciendo-historia\/\">Previa Jornada 24 &#8211; Sandefjord FC &#8211; FK Bryne \u00abVictoria, para seguir haciendo historia\u00bb<\/a><div class=\"wp-block-latest-posts__post-author\">por bloguecornella<\/div><time datetime=\"2025-10-04T11:00:00+02:00\" class=\"wp-block-latest-posts__post-date\">4 de octubre de 2025<\/time><div class=\"wp-block-latest-posts__post-excerpt\">Spanish versi\u00f3n Cuando me propuse hacer el seguimiento de la liga noruega y de formar parte de un club como es el Sandefjord FC, lo que no pens\u00e9, ni me imagine, es que este club quisiera hacer historia. Actualmente, en la 7\u00aa posici\u00f3n, con un partido menos, con 31 puntos y con 24 todav\u00eda por&#8230; <a class=\"wp-block-latest-posts__read-more\" href=\"http:\/\/www.bloguecornella.es\/wordpress\/2025\/10\/04\/previa-jornada-24-sandefjord-fc-fk-bryne-victoria-para-seguir-haciendo-historia\/\" rel=\"noopener noreferrer\">Lee m\u00e1s<span class=\"screen-reader-text\">: Previa Jornada 24 &#8211; Sandefjord FC &#8211; FK Bryne \u00abVictoria, para seguir haciendo historia\u00bb<\/span><\/a><\/div><\/li>\n<li><div class=\"wp-block-latest-posts__featured-image\"><img loading=\"lazy\" decoding=\"async\" width=\"940\" height=\"529\" src=\"https:\/\/i0.wp.com\/www.bloguecornella.es\/wordpress\/wp-content\/uploads\/2025\/09\/J22.png?fit=940%2C529\" class=\"attachment-large size-large wp-post-image\" alt=\"\" style=\"\" srcset=\"https:\/\/i0.wp.com\/www.bloguecornella.es\/wordpress\/wp-content\/uploads\/2025\/09\/J22.png?w=940 940w, https:\/\/i0.wp.com\/www.bloguecornella.es\/wordpress\/wp-content\/uploads\/2025\/09\/J22.png?resize=300%2C169 300w, https:\/\/i0.wp.com\/www.bloguecornella.es\/wordpress\/wp-content\/uploads\/2025\/09\/J22.png?resize=768%2C432 768w, https:\/\/i0.wp.com\/www.bloguecornella.es\/wordpress\/wp-content\/uploads\/2025\/09\/J22.png?resize=128%2C72 128w, https:\/\/i0.wp.com\/www.bloguecornella.es\/wordpress\/wp-content\/uploads\/2025\/09\/J22.png?resize=32%2C18 32w\" sizes=\"auto, (max-width: 940px) 100vw, 940px\" \/><\/div><a class=\"wp-block-latest-posts__post-title\" href=\"http:\/\/www.bloguecornella.es\/wordpress\/2025\/09\/19\/eliteserien-2025-jornada-22-sandefjord-fc-sk-brann-previa\/\">Eliteserien 2025 &#8211; Jornada 22 &#8211; Sandefjord FC &#8211; SK Brann &#8211; Previa<\/a><div class=\"wp-block-latest-posts__post-author\">por bloguecornella<\/div><time datetime=\"2025-09-19T10:26:11+02:00\" class=\"wp-block-latest-posts__post-date\">19 de septiembre de 2025<\/time><div class=\"wp-block-latest-posts__post-excerpt\">Spanish versi\u00f3n: Quedan 8 jornadas para poder finalizar la temporada en la liga noruega y las opciones para poder aspirar a los puestos europeos, poco a poco, se van esfumando. La temporada que est\u00e1 realizando el Sandefjord FC es hist\u00f3rica en lo que es la entidad. Actualmente, se sit\u00faa en la 8\u00ba con 28 puntos&#8230; <a class=\"wp-block-latest-posts__read-more\" href=\"http:\/\/www.bloguecornella.es\/wordpress\/2025\/09\/19\/eliteserien-2025-jornada-22-sandefjord-fc-sk-brann-previa\/\" rel=\"noopener noreferrer\">Lee m\u00e1s<span class=\"screen-reader-text\">: Eliteserien 2025 &#8211; Jornada 22 &#8211; Sandefjord FC &#8211; SK Brann &#8211; Previa<\/span><\/a><\/div><\/li>\n<li><div class=\"wp-block-latest-posts__featured-image\"><img loading=\"lazy\" decoding=\"async\" width=\"940\" height=\"529\" src=\"https:\/\/i0.wp.com\/www.bloguecornella.es\/wordpress\/wp-content\/uploads\/2025\/08\/Previas-Sandefjord-FC.png?fit=940%2C529\" class=\"attachment-large size-large wp-post-image\" alt=\"\" style=\"\" srcset=\"https:\/\/i0.wp.com\/www.bloguecornella.es\/wordpress\/wp-content\/uploads\/2025\/08\/Previas-Sandefjord-FC.png?w=940 940w, https:\/\/i0.wp.com\/www.bloguecornella.es\/wordpress\/wp-content\/uploads\/2025\/08\/Previas-Sandefjord-FC.png?resize=300%2C169 300w, https:\/\/i0.wp.com\/www.bloguecornella.es\/wordpress\/wp-content\/uploads\/2025\/08\/Previas-Sandefjord-FC.png?resize=768%2C432 768w, https:\/\/i0.wp.com\/www.bloguecornella.es\/wordpress\/wp-content\/uploads\/2025\/08\/Previas-Sandefjord-FC.png?resize=128%2C72 128w, https:\/\/i0.wp.com\/www.bloguecornella.es\/wordpress\/wp-content\/uploads\/2025\/08\/Previas-Sandefjord-FC.png?resize=32%2C18 32w\" sizes=\"auto, (max-width: 940px) 100vw, 940px\" \/><\/div><a class=\"wp-block-latest-posts__post-title\" href=\"http:\/\/www.bloguecornella.es\/wordpress\/2025\/08\/30\/j20-eliteserien\/\">Eliteserien 2025 &#8211; Jornada 20 &#8211; Sandefjord FC &#8211; FK Bodo Glimt &#8211; Previa<\/a><div class=\"wp-block-latest-posts__post-author\">por bloguecornella<\/div><time datetime=\"2025-08-30T12:00:00+02:00\" class=\"wp-block-latest-posts__post-date\">30 de agosto de 2025<\/time><div class=\"wp-block-latest-posts__post-excerpt\">Spanish versi\u00f3n: Disculpar, porque he estado mucho tiempo sin poder hacer una previa, como dios manda. Eso no quita que este siguiendo la temporada hist\u00f3rica que est\u00e1 haciendo el cuadro noruego del Sandefjord FC. Actualmente, se sit\u00faa en 6\u00aa posici\u00f3n a cinco puntos del 4\u00ba clasificado, el Tromso IL, con un partido m\u00e1s por el&#8230; <a class=\"wp-block-latest-posts__read-more\" href=\"http:\/\/www.bloguecornella.es\/wordpress\/2025\/08\/30\/j20-eliteserien\/\" rel=\"noopener noreferrer\">Lee m\u00e1s<span class=\"screen-reader-text\">: Eliteserien 2025 &#8211; Jornada 20 &#8211; Sandefjord FC &#8211; FK Bodo Glimt &#8211; Previa<\/span><\/a><\/div><\/li>\n<li><div class=\"wp-block-latest-posts__featured-image\"><img loading=\"lazy\" decoding=\"async\" width=\"940\" height=\"529\" src=\"https:\/\/i0.wp.com\/www.bloguecornella.es\/wordpress\/wp-content\/uploads\/2025\/06\/J11_ELIT_BRANN_SAND.png?fit=940%2C529\" class=\"attachment-large size-large wp-post-image\" alt=\"\" style=\"\" srcset=\"https:\/\/i0.wp.com\/www.bloguecornella.es\/wordpress\/wp-content\/uploads\/2025\/06\/J11_ELIT_BRANN_SAND.png?w=940 940w, https:\/\/i0.wp.com\/www.bloguecornella.es\/wordpress\/wp-content\/uploads\/2025\/06\/J11_ELIT_BRANN_SAND.png?resize=300%2C169 300w, https:\/\/i0.wp.com\/www.bloguecornella.es\/wordpress\/wp-content\/uploads\/2025\/06\/J11_ELIT_BRANN_SAND.png?resize=768%2C432 768w\" sizes=\"auto, (max-width: 940px) 100vw, 940px\" \/><\/div><a class=\"wp-block-latest-posts__post-title\" href=\"http:\/\/www.bloguecornella.es\/wordpress\/2025\/06\/29\/previa-jornada-11-eliteserien-sk-brann-sandefjord-fc\/\">Previa Jornada 11 Eliteserien: SK Brann &#8211; Sandefjord FC<\/a><div class=\"wp-block-latest-posts__post-author\">por bloguecornella<\/div><time datetime=\"2025-06-29T13:00:00+02:00\" class=\"wp-block-latest-posts__post-date\">29 de junio de 2025<\/time><div class=\"wp-block-latest-posts__post-excerpt\">Versi\u00f3n espa\u00f1ola: El pr\u00f3ximo lunes 30 de Junio, tenemos un partidazo en la liga Eliteserien de Noruega. Se enfrentan, dos de los equipos m\u00e1s en forma de la competici\u00f3n y no es para menos, tenemos al actual 2\u00ba clasificado, el SK Brann y el Sandefjord, 6\u00ba clasificado de la competici\u00f3n. El Sandefjord FC se volvi\u00f3&#8230; <a class=\"wp-block-latest-posts__read-more\" href=\"http:\/\/www.bloguecornella.es\/wordpress\/2025\/06\/29\/previa-jornada-11-eliteserien-sk-brann-sandefjord-fc\/\" rel=\"noopener noreferrer\">Lee m\u00e1s<span class=\"screen-reader-text\">: Previa Jornada 11 Eliteserien: SK Brann &#8211; Sandefjord FC<\/span><\/a><\/div><\/li>\n<li><div class=\"wp-block-latest-posts__featured-image\"><img loading=\"lazy\" decoding=\"async\" width=\"940\" height=\"529\" src=\"https:\/\/i0.wp.com\/www.bloguecornella.es\/wordpress\/wp-content\/uploads\/2025\/06\/xs-1.png?fit=940%2C529\" class=\"attachment-large size-large wp-post-image\" alt=\"\" style=\"\" srcset=\"https:\/\/i0.wp.com\/www.bloguecornella.es\/wordpress\/wp-content\/uploads\/2025\/06\/xs-1.png?w=940 940w, https:\/\/i0.wp.com\/www.bloguecornella.es\/wordpress\/wp-content\/uploads\/2025\/06\/xs-1.png?resize=300%2C169 300w, https:\/\/i0.wp.com\/www.bloguecornella.es\/wordpress\/wp-content\/uploads\/2025\/06\/xs-1.png?resize=768%2C432 768w\" sizes=\"auto, (max-width: 940px) 100vw, 940px\" \/><\/div><a class=\"wp-block-latest-posts__post-title\" href=\"http:\/\/www.bloguecornella.es\/wordpress\/2025\/06\/21\/previa-jornada-10-eliteserien-sandefjord-fc-fk-haugesund\/\">Previa Jornada 10 Eliteserien: Sandefjord FC &#8211; FK Haugesund<\/a><div class=\"wp-block-latest-posts__post-author\">por bloguecornella<\/div><time datetime=\"2025-06-21T00:10:00+02:00\" class=\"wp-block-latest-posts__post-date\">21 de junio de 2025<\/time><div class=\"wp-block-latest-posts__post-excerpt\">Versi\u00f3n espa\u00f1ola: Vuelve la Eliteserien. Despu\u00e9s del par\u00f3n por selecciones y una semana m\u00e1s adicional (Alg\u00fan d\u00eda entender\u00e9 la l\u00f3gica de la liga noruega) vuelve el f\u00fatbol al estadio Jotun Arena de Sandefjord para vivir una nueva jornada de liga. Ya vamos por el cap\u00edtulo 10, en el que se enfrentara al colista de la&#8230; <a class=\"wp-block-latest-posts__read-more\" href=\"http:\/\/www.bloguecornella.es\/wordpress\/2025\/06\/21\/previa-jornada-10-eliteserien-sandefjord-fc-fk-haugesund\/\" rel=\"noopener noreferrer\">Lee m\u00e1s<span class=\"screen-reader-text\">: Previa Jornada 10 Eliteserien: Sandefjord FC &#8211; FK Haugesund<\/span><\/a><\/div><\/li>\n<\/ul><\/div>\n\n\n\n<div class=\"wp-block-column is-layout-flow wp-block-column-is-layout-flow\" style=\"flex-basis:33.33%\">\n<table id=\"tablepress-4\" class=\"tablepress tablepress-id-4\">\n<thead>\n<tr class=\"row-1\">\n\t<th class=\"column-1\">Posici\u00f3n<\/th><th class=\"column-2\">Equipo<\/th><th class=\"column-3\">Partidos<\/th><th class=\"column-4\">Puntos<\/th>\n<\/tr>\n<\/thead>\n<tbody class=\"row-striping row-hover\">\n<tr class=\"row-2\">\n\t<td class=\"column-1\">1\u00ba<\/td><td class=\"column-2\">VIKIN<\/td><td class=\"column-3\">26<\/td><td class=\"column-4\">59<\/td>\n<\/tr>\n<tr class=\"row-3\">\n\t<td class=\"column-1\">2\u00ba<\/td><td class=\"column-2\">BODO<\/td><td class=\"column-3\">24<\/td><td class=\"column-4\">55<\/td>\n<\/tr>\n<tr class=\"row-4\">\n\t<td class=\"column-1\">3\u00ba<\/td><td class=\"column-2\">BRANN<\/td><td class=\"column-3\">24<\/td><td class=\"column-4\">49<\/td>\n<\/tr>\n<tr class=\"row-5\">\n\t<td class=\"column-1\">4\u00ba<\/td><td class=\"column-2\">TROM<\/td><td class=\"column-3\">25<\/td><td class=\"column-4\">45<\/td>\n<\/tr>\n<tr class=\"row-6\">\n\t<td class=\"column-1\">5\u00ba<\/td><td class=\"column-2\">SAND<\/td><td class=\"column-3\">24<\/td><td class=\"column-4\">37<\/td>\n<\/tr>\n<tr class=\"row-7\">\n\t<td class=\"column-1\">6\u00ba<\/td><td class=\"column-2\">FRED<\/td><td class=\"column-3\">25<\/td><td class=\"column-4\">35<\/td>\n<\/tr>\n<tr class=\"row-8\">\n\t<td class=\"column-1\">7\u00ba<\/td><td class=\"column-2\">SARPS<\/td><td class=\"column-3\">26<\/td><td class=\"column-4\">35<\/td>\n<\/tr>\n<tr class=\"row-9\">\n\t<td class=\"column-1\">8\u00ba<\/td><td class=\"column-2\">ROS<\/td><td class=\"column-3\">24<\/td><td class=\"column-4\">35<\/td>\n<\/tr>\n<tr class=\"row-10\">\n\t<td class=\"column-1\">9\u00ba<\/td><td class=\"column-2\">KFUM<\/td><td class=\"column-3\">25<\/td><td class=\"column-4\">34<\/td>\n<\/tr>\n<tr class=\"row-11\">\n\t<td class=\"column-1\">10\u00ba<\/td><td class=\"column-2\">VALE<\/td><td class=\"column-3\">25<\/td><td class=\"column-4\">34<\/td>\n<\/tr>\n<tr class=\"row-12\">\n\t<td class=\"column-1\">11\u00ba<\/td><td class=\"column-2\">KRIST<\/td><td class=\"column-3\">25<\/td><td class=\"column-4\">31<\/td>\n<\/tr>\n<tr class=\"row-13\">\n\t<td class=\"column-1\">12\u00ba<\/td><td class=\"column-2\">MOLD<\/td><td class=\"column-3\">25<\/td><td class=\"column-4\">30<\/td>\n<\/tr>\n<tr class=\"row-14\">\n\t<td class=\"column-1\">13\u00ba<\/td><td class=\"column-2\">HAMK<\/td><td class=\"column-3\">25<\/td><td class=\"column-4\">28<\/td>\n<\/tr>\n<tr class=\"row-15\">\n\t<td class=\"column-1\">14\u00ba<\/td><td class=\"column-2\">BRYN<\/td><td class=\"column-3\">25<\/td><td class=\"column-4\">25<\/td>\n<\/tr>\n<tr class=\"row-16\">\n\t<td class=\"column-1\">15\u00ba<\/td><td class=\"column-2\">STROM<\/td><td class=\"column-3\">25<\/td><td class=\"column-4\">20<\/td>\n<\/tr>\n<tr class=\"row-17\">\n\t<td class=\"column-1\">16\u00ba<\/td><td class=\"column-2\">HAUG<\/td><td class=\"column-3\">25<\/td><td class=\"column-4\">6<\/td>\n<\/tr>\n<\/tbody>\n<\/table>\n<!-- #tablepress-4 from cache --><\/div>\n<\/div>\n","protected":false},"excerpt":{"rendered":"<p>P\u00e1gina, donde encontrareis informaci\u00f3n del Sandefjord FC, conjunto noruego al que se le hace seguimiento desde la temporada 2025.<\/p>\n","protected":false},"author":1,"featured_media":1231,"parent":0,"menu_order":0,"comment_status":"closed","ping_status":"closed","template":"","meta":{"_eb_attr":"","advanced_seo_description":"","jetpack_seo_html_title":"","jetpack_seo_noindex":false,"jetpack_post_was_ever_published":false,"footnotes":""},"class_list":["post-1167","page","type-page","status-publish","has-post-thumbnail","hentry"],"jetpack_sharing_enabled":true,"jetpack-related-posts":[{"id":1169,"url":"http:\/\/www.bloguecornella.es\/wordpress\/sandefjord-historia\/","url_meta":{"origin":1167,"position":0},"title":"Sandefjord &#8211; Historia","author":"bloguecornella","date":"24 de marzo de 2025","format":false,"excerpt":"","rel":"","context":"Entrada similar","block_context":{"text":"Entrada similar","link":""},"img":{"alt_text":"","src":"","width":0,"height":0},"classes":[]},{"id":1165,"url":"http:\/\/www.bloguecornella.es\/wordpress\/sandefjord-fc-eliteserien-2025\/","url_meta":{"origin":1167,"position":1},"title":"Sandefjord FC &#8211; Clasificaci\u00f3n Eliteserien 2025","author":"bloguecornella","date":"24 de marzo de 2025","format":false,"excerpt":"Clasificaci\u00f3n Sandefjord FC en la Eliteserien 2025 \/ Sandefjord FC Eliteserien 2025 Standings Posici\u00f3nEquipoPGEPGFGCDIF.PTOS1\u00baFredrikstad430182692\u00baViking Stavanger4301127593\u00baRosenborg BK330051494\u00baSK Brann430176195\u00baFK Bodo Glimt321062476\u00baSarspborg 08321062477\u00baKristiansud BK420278-168\u00baValerenga IF411246-249\u00baStromsgodest IF4103862310\u00baBryne3102440311\u00baSandefjord310256-1312\u00baKFUM Oslo310257-2313\u00baTromso IL310246-2314\u00baHamKam 310249-5315\u00baMolde FK301227-5116\u00baHaugesund300319-80","rel":"","context":"Entrada similar","block_context":{"text":"Entrada similar","link":""},"img":{"alt_text":"","src":"https:\/\/i0.wp.com\/www.bloguecornella.es\/wordpress\/wp-content\/uploads\/2025\/04\/Escudo-Sandefjord-copia.jpg?fit=400%2C450&resize=350%2C200","width":350,"height":200},"classes":[]},{"id":3305,"url":"http:\/\/www.bloguecornella.es\/wordpress\/first-team-sandefjord-fc-2026-season\/","url_meta":{"origin":1167,"position":2},"title":"First Team Sandefjord FC 2026 Season","author":"bloguecornella","date":"10 de diciembre de 2025","format":false,"excerpt":"In construction","rel":"","context":"Entrada similar","block_context":{"text":"Entrada similar","link":""},"img":{"alt_text":"","src":"","width":0,"height":0},"classes":[]},{"id":1533,"url":"http:\/\/www.bloguecornella.es\/wordpress\/calendario-25-26-ue-cornella\/","url_meta":{"origin":1167,"position":3},"title":"Calendario 25\/26 &#8211; UE Cornell\u00e0","author":"bloguecornella","date":"20 de mayo de 2025","format":false,"excerpt":"Mostramos el calendario del equipo masculino de la UE Cornell\u00e0, en esta temporada 2025\/26. El equipo compite en la Tercera Federaci\u00f3n - Grupo 5. PONER EN HORIZONTAL SI ESTAIS EN VERSION MOBIL JornadaFechaHoraEquipo LocalGoles LocalGoles VisitanteEquipo VisitanteRetransmisi\u00f3n v\u00eda Twitch107\/09\/2025Por DeterminarUE VicUE Cornell\u00e0214\/09\/2025Por DeterminarUE Cornell\u00e0CF Peralada321\/09\/2025Por DeterminarCerdanyola del Valles CFUE Cornell\u00e0428\/09\/2025Por\u2026","rel":"","context":"Entrada similar","block_context":{"text":"Entrada similar","link":""},"img":{"alt_text":"","src":"","width":0,"height":0},"classes":[]},{"id":1303,"url":"http:\/\/www.bloguecornella.es\/wordpress\/ue-cornella-juvenil-a-division-honor-grupo-3\/","url_meta":{"origin":1167,"position":4},"title":"UE Cornell\u00e0 &#8211; Juvenil A","author":"bloguecornella","date":"5 de mayo de 2025","format":false,"excerpt":"\u00daltimas noticias sobre el Juvenil A de la UE Cornell\u00e0 masculino. Enlaces de inter\u00e9s Calendario Temporada 2025\/26 Clasificaci\u00f3n Juvenil Divisi\u00f3n Honor 2025\/26 Historia Juvenil A - UE Cornell\u00e0 Clasificaci\u00f3n Divisi\u00f3n Honor Juvenil - Grupo 3 Temporada 2025\/26\u00a0","rel":"","context":"Entrada similar","block_context":{"text":"Entrada similar","link":""},"img":{"alt_text":"","src":"","width":0,"height":0},"classes":[]},{"id":1323,"url":"http:\/\/www.bloguecornella.es\/wordpress\/bio-fundacio-uec-fem\/","url_meta":{"origin":1167,"position":5},"title":"Fundaci\u00f3 UE Cornell\u00e0 &#8211; 3\u00aa Fed Fem Grupo 5","author":"bloguecornella","date":"4 de mayo de 2025","format":false,"excerpt":"\u00daltimas noticias Fundaci\u00f3 UE Cornell\u00e0 Femenina Pr\u00f3ximos encuentros \u00daltimos encuentros Enlaces de Inter\u00e9s Calendario Temporada 2025\/26 Historia Fundaci\u00f3 UE Cornell\u00e0 Clasificaci\u00f3n Tercera Federaci\u00f3n Femenina - Grupo V - 2025\/26","rel":"","context":"Entrada similar","block_context":{"text":"Entrada similar","link":""},"img":{"alt_text":"","src":"","width":0,"height":0},"classes":[]}],"_links":{"self":[{"href":"http:\/\/www.bloguecornella.es\/wordpress\/wp-json\/wp\/v2\/pages\/1167","targetHints":{"allow":["GET"]}}],"collection":[{"href":"http:\/\/www.bloguecornella.es\/wordpress\/wp-json\/wp\/v2\/pages"}],"about":[{"href":"http:\/\/www.bloguecornella.es\/wordpress\/wp-json\/wp\/v2\/types\/page"}],"author":[{"embeddable":true,"href":"http:\/\/www.bloguecornella.es\/wordpress\/wp-json\/wp\/v2\/users\/1"}],"replies":[{"embeddable":true,"href":"http:\/\/www.bloguecornella.es\/wordpress\/wp-json\/wp\/v2\/comments?post=1167"}],"version-history":[{"count":4,"href":"http:\/\/www.bloguecornella.es\/wordpress\/wp-json\/wp\/v2\/pages\/1167\/revisions"}],"predecessor-version":[{"id":1503,"href":"http:\/\/www.bloguecornella.es\/wordpress\/wp-json\/wp\/v2\/pages\/1167\/revisions\/1503"}],"wp:featuredmedia":[{"embeddable":true,"href":"http:\/\/www.bloguecornella.es\/wordpress\/wp-json\/wp\/v2\/media\/1231"}],"wp:attachment":[{"href":"http:\/\/www.bloguecornella.es\/wordpress\/wp-json\/wp\/v2\/media?parent=1167"}],"curies":[{"name":"wp","href":"https:\/\/api.w.org\/{rel}","templated":true}]}}